{"id":124,"date":"2021-09-22T13:38:01","date_gmt":"2021-09-22T13:38:01","guid":{"rendered":"https:\/\/www.reneetours.si\/?page_id=124"},"modified":"2021-10-05T11:40:16","modified_gmt":"2021-10-05T11:40:16","slug":"zdravilisce-rogaska","status":"publish","type":"page","link":"https:\/\/www.reneetours.si\/sl\/medicinski-turizem\/zdravilisce-rogaska\/","title":{"rendered":"Zdravili\u0161\u010de Roga\u0161ka Slatina in Medical center Roga\u0161ka"},"content":{"rendered":"\n<div class=\"wp-block-advgb-columns advgb-columns-wrapper container services\" id=\"advgb-cols-6b1cffc3-6726-4093-bf9d-f2b695043fa9\"><div class=\"advgb-columns-container\"><div class=\"advgb-columns advgb-columns-row advgb-is-mobile advgb-columns-2 layout-12-12 mbl-layout-stacked gutter-30 vgutter-10 order-rtl\">\n<div class=\"wp-block-advgb-column advgb-column advgb-is-half-tablet advgb-is-full-mobile\" id=\"advgb-col-9975b36c-d2ee-4020-9c10-971672b2d860\"><div class=\"advgb-column-inner\" style=\"border-style:none;border-width:1px\">\n<figure class=\"wp-block-image size-full\"><img loading=\"lazy\" decoding=\"async\" width=\"625\" height=\"355\" src=\"https:\/\/www.reneetours.si\/wp-content\/uploads\/2021\/09\/Renee_FOTO_BLOKI_625x355px_doctors.jpg\" alt=\"\" class=\"wp-image-111\" srcset=\"https:\/\/www.reneetours.si\/wp-content\/uploads\/2021\/09\/Renee_FOTO_BLOKI_625x355px_doctors.jpg 625w, https:\/\/www.reneetours.si\/wp-content\/uploads\/2021\/09\/Renee_FOTO_BLOKI_625x355px_doctors-300x170.jpg 300w\" sizes=\"auto, (max-width: 625px) 100vw, 625px\" \/><\/figure>\n\n\n\n<p><\/p>\n<\/div><\/div>\n\n\n\n<div class=\"wp-block-advgb-column advgb-column advgb-is-half-tablet advgb-is-full-mobile\" id=\"advgb-col-ee04fbc1-9591-4c50-a268-98eb63bead4c\"><div class=\"advgb-column-inner\" style=\"border-style:none;border-width:1px\">\n<h3 class=\"wp-block-heading\">Zdravili\u0161\u010de Roga\u0161ka Slatina in Medical center Roga\u0161ka<\/h3>\n\n\n\n<p><strong>Roga\u0161ka Slatina<\/strong>&nbsp;se pona\u0161a s 400-letno tradicijo zdravljenja z naravnimi faktorji, kot je naravna mineralna voda Donat Mg, z magnezijem najbogatej\u0161a voda na svetu. Pomaga pri zdravljenju gastroenterolo\u0161kih, endokrinih in presnovnih bolezni, bolezni srca in prebavnega sistema.<\/p>\n\n\n\n<p><strong>Zdravili\u0161\u010de Roga\u0161ka Slatina<\/strong>&nbsp;je edino zdravili\u0161\u010de v Sloveniji, ki je specializirano za prepre\u010devanje, rehabilitacijo in nadaljnje zdravljenje gastroenterolo\u0161kih in endokrinih bolezni ter stanj po operacijah.<\/p>\n\n\n\n<p>Ve\u010d o zdravili\u0161\u010du Roga\u0161ka Slatina na&nbsp;<a href=\"http:\/\/www.rogaska-medical.com\/si\/\">www.rogaska-medical.com\/si\/<\/a>.&nbsp;<\/p>\n\n\n\n<p><strong>Pitne kure naravne mineralne vode Donat Mg<\/strong>&nbsp;so za zdravljenje v kombinaciji z drugimi izbranimi na\u010dini zdravljenja bistvenega pomena pri odpravljanju zaprtja, debelosti, prekomernega izlo\u010danja \u017eelod\u010dne kisline in zgage. Odli\u010dno vplivajo na organizem v stresnih situacijah, med psihi\u010dno in fizi\u010dno obremenitvijo, na diabetes, visok krvni tlak in med nose\u010dnostjo, ko se pove\u010da potreba po magneziju. Donat Mg je najbogatej\u0161a z magnezijem voda na svetu. Vsebuje ve\u010d kot 1000 mg\/l magnezija in je v samem svetovnem vrhu zdravilnih vod.<\/p>\n\n\n\n<p>Ve\u010d o Donatu Mg na&nbsp;<a href=\"http:\/\/www.rogaska-medical.com\/si\/donat-mg\">www.rogaska-medical.com\/si\/donat-mg<\/a>.<\/p>\n\n\n\n<p><strong>Vse storitve v Medical centru Roga\u0161ka<\/strong>&nbsp;se izvajajo pod nadzorom 40 zdravnikov: balneoterapija, fizioterapija, diagnostika, prehransko svetovanje, preventivni mened\u017eerski programi, kratki usmerjeni pregledi, dermatologija in pomlajevanje, kirurgija (estetska plasti\u010dna, \u017eilna, kirurgija roke), medicinske masa\u017ee, oblikovanje telesa, akupunktura, kozmeti\u010dne storitve in razli\u010dni zdravstveni programi (preob\u010dutljivost na hrano, razstrupljanje, huj\u0161anje, za otroke, amaterske \u0161portnike &#8230;). Certifikat Accreditation Canada Gold potrjuje visoko kakovost storitev in varnost postopkov v skladu z mednarodnimi standardi odli\u010dnosti v kakovosti zdravstvene obravnave.<\/p>\n\n\n\n<p>Ve\u010d o Medical centru Roga\u0161ka na&nbsp;<a href=\"http:\/\/www.rogaska-medical.com\/si\/\">www.rogaska-medical.com\/si\/<\/a>.<\/p>\n<\/div><\/div>\n<\/div><\/div><\/div>\n<style class=\"advgb-styles-renderer\">#advgb-col-9975b36c-d2ee-4020-9c10-971672b2d860>.advgb-column-inner{}@media screen and (max-width: 1023px) {#advgb-col-9975b36c-d2ee-4020-9c10-971672b2d860>.advgb-column-inner{}}@media screen and (max-width: 767px) {#advgb-col-9975b36c-d2ee-4020-9c10-971672b2d860>.advgb-column-inner{}}#advgb-col-ee04fbc1-9591-4c50-a268-98eb63bead4c>.advgb-column-inner{}@media screen and (max-width: 1023px) {#advgb-col-ee04fbc1-9591-4c50-a268-98eb63bead4c>.advgb-column-inner{}}@media screen and (max-width: 767px) {#advgb-col-ee04fbc1-9591-4c50-a268-98eb63bead4c>.advgb-column-inner{}}#advgb-cols-6b1cffc3-6726-4093-bf9d-f2b695043fa9{}@media screen and (max-width: 1023px) {#advgb-cols-6b1cffc3-6726-4093-bf9d-f2b695043fa9{}}@media screen and (max-width: 767px) {#advgb-cols-6b1cffc3-6726-4093-bf9d-f2b695043fa9{}}#advgb-col-9975b36c-d2ee-4020-9c10-971672b2d860>.advgb-column-inner{}@media screen and (max-width: 1023px) {#advgb-col-9975b36c-d2ee-4020-9c10-971672b2d860>.advgb-column-inner{}}@media screen and (max-width: 767px) {#advgb-col-9975b36c-d2ee-4020-9c10-971672b2d860>.advgb-column-inner{}}#advgb-col-ee04fbc1-9591-4c50-a268-98eb63bead4c>.advgb-column-inner{}@media screen and (max-width: 1023px) {#advgb-col-ee04fbc1-9591-4c50-a268-98eb63bead4c>.advgb-column-inner{}}@media screen and (max-width: 767px) {#advgb-col-ee04fbc1-9591-4c50-a268-98eb63bead4c>.advgb-column-inner{}}<\/style>","protected":false},"excerpt":{"rendered":"","protected":false},"author":1,"featured_media":0,"parent":13,"menu_order":0,"comment_status":"closed","ping_status":"closed","template":"","meta":{"advgb_blocks_editor_width":"","advgb_blocks_columns_visual_guide":"","footnotes":""},"class_list":["post-124","page","type-page","status-publish","hentry"],"yoast_head":"<!-- This site is optimized with the Yoast SEO plugin v27.3 - https:\/\/yoast.com\/product\/yoast-seo-wordpress\/ -->\n<title>Zdravili\u0161\u010de Roga\u0161ka Slatina in Medical center Roga\u0161ka - Renee Tours<\/title>\n<meta name=\"description\" content=\"Zdravili\u0161\u010de Roga\u0161ka ima 400-letno tradicijo zdravljenja z naravnimi zdravili, kot je mineralna voda Donat Mg,\" \/>\n<meta name=\"robots\" content=\"index, follow, max-snippet:-1, max-image-preview:large, max-video-preview:-1\" \/>\n<link rel=\"canonical\" href=\"https:\/\/www.reneetours.si\/sl\/medicinski-turizem\/zdravilisce-rogaska\/\" \/>\n<meta property=\"og:locale\" content=\"sl_SI\" \/>\n<meta property=\"og:type\" content=\"article\" \/>\n<meta property=\"og:title\" content=\"Zdravili\u0161\u010de Roga\u0161ka Slatina in Medical center Roga\u0161ka - Renee Tours\" \/>\n<meta property=\"og:description\" content=\"Zdravili\u0161\u010de Roga\u0161ka ima 400-letno tradicijo zdravljenja z naravnimi zdravili, kot je mineralna voda Donat Mg,\" \/>\n<meta property=\"og:url\" content=\"https:\/\/www.reneetours.si\/sl\/medicinski-turizem\/zdravilisce-rogaska\/\" \/>\n<meta property=\"og:site_name\" content=\"Renee Tours\" \/>\n<meta property=\"article:modified_time\" content=\"2021-10-05T11:40:16+00:00\" \/>\n<meta property=\"og:image\" content=\"https:\/\/www.reneetours.si\/wp-content\/uploads\/2021\/09\/Renee_FOTO_BLOKI_625x355px_doctors.jpg\" \/>\n<meta name=\"twitter:card\" content=\"summary_large_image\" \/>\n<meta name=\"twitter:label1\" content=\"Est. reading time\" \/>\n\t<meta name=\"twitter:data1\" content=\"2 minuti\" \/>\n<script type=\"application\/ld+json\" class=\"yoast-schema-graph\">{\"@context\":\"https:\\\/\\\/schema.org\",\"@graph\":[{\"@type\":\"WebPage\",\"@id\":\"https:\\\/\\\/www.reneetours.si\\\/sl\\\/medicinski-turizem\\\/zdravilisce-rogaska\\\/\",\"url\":\"https:\\\/\\\/www.reneetours.si\\\/sl\\\/medicinski-turizem\\\/zdravilisce-rogaska\\\/\",\"name\":\"Zdravili\u0161\u010de Roga\u0161ka Slatina in Medical center Roga\u0161ka - Renee Tours\",\"isPartOf\":{\"@id\":\"https:\\\/\\\/www.reneetours.si\\\/sl\\\/#website\"},\"primaryImageOfPage\":{\"@id\":\"https:\\\/\\\/www.reneetours.si\\\/sl\\\/medicinski-turizem\\\/zdravilisce-rogaska\\\/#primaryimage\"},\"image\":{\"@id\":\"https:\\\/\\\/www.reneetours.si\\\/sl\\\/medicinski-turizem\\\/zdravilisce-rogaska\\\/#primaryimage\"},\"thumbnailUrl\":\"https:\\\/\\\/www.reneetours.si\\\/wp-content\\\/uploads\\\/2021\\\/09\\\/Renee_FOTO_BLOKI_625x355px_doctors.jpg\",\"datePublished\":\"2021-09-22T13:38:01+00:00\",\"dateModified\":\"2021-10-05T11:40:16+00:00\",\"description\":\"Zdravili\u0161\u010de Roga\u0161ka ima 400-letno tradicijo zdravljenja z naravnimi zdravili, kot je mineralna voda Donat Mg,\",\"breadcrumb\":{\"@id\":\"https:\\\/\\\/www.reneetours.si\\\/sl\\\/medicinski-turizem\\\/zdravilisce-rogaska\\\/#breadcrumb\"},\"inLanguage\":\"sl-SI\",\"potentialAction\":[{\"@type\":\"ReadAction\",\"target\":[\"https:\\\/\\\/www.reneetours.si\\\/sl\\\/medicinski-turizem\\\/zdravilisce-rogaska\\\/\"]}]},{\"@type\":\"ImageObject\",\"inLanguage\":\"sl-SI\",\"@id\":\"https:\\\/\\\/www.reneetours.si\\\/sl\\\/medicinski-turizem\\\/zdravilisce-rogaska\\\/#primaryimage\",\"url\":\"https:\\\/\\\/www.reneetours.si\\\/wp-content\\\/uploads\\\/2021\\\/09\\\/Renee_FOTO_BLOKI_625x355px_doctors.jpg\",\"contentUrl\":\"https:\\\/\\\/www.reneetours.si\\\/wp-content\\\/uploads\\\/2021\\\/09\\\/Renee_FOTO_BLOKI_625x355px_doctors.jpg\"},{\"@type\":\"BreadcrumbList\",\"@id\":\"https:\\\/\\\/www.reneetours.si\\\/sl\\\/medicinski-turizem\\\/zdravilisce-rogaska\\\/#breadcrumb\",\"itemListElement\":[{\"@type\":\"ListItem\",\"position\":1,\"name\":\"Home\",\"item\":\"https:\\\/\\\/www.reneetours.si\\\/sl\\\/\"},{\"@type\":\"ListItem\",\"position\":2,\"name\":\"Medicinski turizem\",\"item\":\"https:\\\/\\\/www.reneetours.si\\\/sl\\\/medicinski-turizem\\\/\"},{\"@type\":\"ListItem\",\"position\":3,\"name\":\"Zdravili\u0161\u010de Roga\u0161ka Slatina in Medical center Roga\u0161ka\"}]},{\"@type\":\"WebSite\",\"@id\":\"https:\\\/\\\/www.reneetours.si\\\/sl\\\/#website\",\"url\":\"https:\\\/\\\/www.reneetours.si\\\/sl\\\/\",\"name\":\"Renee Tours\",\"description\":\"Incoming and DMC\",\"publisher\":{\"@id\":\"https:\\\/\\\/www.reneetours.si\\\/sl\\\/#organization\"},\"potentialAction\":[{\"@type\":\"SearchAction\",\"target\":{\"@type\":\"EntryPoint\",\"urlTemplate\":\"https:\\\/\\\/www.reneetours.si\\\/sl\\\/?s={search_term_string}\"},\"query-input\":{\"@type\":\"PropertyValueSpecification\",\"valueRequired\":true,\"valueName\":\"search_term_string\"}}],\"inLanguage\":\"sl-SI\"},{\"@type\":\"Organization\",\"@id\":\"https:\\\/\\\/www.reneetours.si\\\/sl\\\/#organization\",\"name\":\"Renee Tours\",\"url\":\"https:\\\/\\\/www.reneetours.si\\\/sl\\\/\",\"logo\":{\"@type\":\"ImageObject\",\"inLanguage\":\"sl-SI\",\"@id\":\"https:\\\/\\\/www.reneetours.si\\\/sl\\\/#\\\/schema\\\/logo\\\/image\\\/\",\"url\":\"https:\\\/\\\/www.reneetours.si\\\/wp-content\\\/uploads\\\/2021\\\/09\\\/cropped-cropped-Agencija-Renee_logotip_NOV-1.png\",\"contentUrl\":\"https:\\\/\\\/www.reneetours.si\\\/wp-content\\\/uploads\\\/2021\\\/09\\\/cropped-cropped-Agencija-Renee_logotip_NOV-1.png\",\"width\":246,\"height\":54,\"caption\":\"Renee Tours\"},\"image\":{\"@id\":\"https:\\\/\\\/www.reneetours.si\\\/sl\\\/#\\\/schema\\\/logo\\\/image\\\/\"}}]}<\/script>\n<!-- \/ Yoast SEO plugin. -->","yoast_head_json":{"title":"Zdravili\u0161\u010de Roga\u0161ka Slatina in Medical center Roga\u0161ka - Renee Tours","description":"Zdravili\u0161\u010de Roga\u0161ka ima 400-letno tradicijo zdravljenja z naravnimi zdravili, kot je mineralna voda Donat Mg,","robots":{"index":"index","follow":"follow","max-snippet":"max-snippet:-1","max-image-preview":"max-image-preview:large","max-video-preview":"max-video-preview:-1"},"canonical":"https:\/\/www.reneetours.si\/sl\/medicinski-turizem\/zdravilisce-rogaska\/","og_locale":"sl_SI","og_type":"article","og_title":"Zdravili\u0161\u010de Roga\u0161ka Slatina in Medical center Roga\u0161ka - Renee Tours","og_description":"Zdravili\u0161\u010de Roga\u0161ka ima 400-letno tradicijo zdravljenja z naravnimi zdravili, kot je mineralna voda Donat Mg,","og_url":"https:\/\/www.reneetours.si\/sl\/medicinski-turizem\/zdravilisce-rogaska\/","og_site_name":"Renee Tours","article_modified_time":"2021-10-05T11:40:16+00:00","og_image":[{"url":"https:\/\/www.reneetours.si\/wp-content\/uploads\/2021\/09\/Renee_FOTO_BLOKI_625x355px_doctors.jpg","type":"","width":"","height":""}],"twitter_card":"summary_large_image","twitter_misc":{"Est. reading time":"2 minuti"},"schema":{"@context":"https:\/\/schema.org","@graph":[{"@type":"WebPage","@id":"https:\/\/www.reneetours.si\/sl\/medicinski-turizem\/zdravilisce-rogaska\/","url":"https:\/\/www.reneetours.si\/sl\/medicinski-turizem\/zdravilisce-rogaska\/","name":"Zdravili\u0161\u010de Roga\u0161ka Slatina in Medical center Roga\u0161ka - Renee Tours","isPartOf":{"@id":"https:\/\/www.reneetours.si\/sl\/#website"},"primaryImageOfPage":{"@id":"https:\/\/www.reneetours.si\/sl\/medicinski-turizem\/zdravilisce-rogaska\/#primaryimage"},"image":{"@id":"https:\/\/www.reneetours.si\/sl\/medicinski-turizem\/zdravilisce-rogaska\/#primaryimage"},"thumbnailUrl":"https:\/\/www.reneetours.si\/wp-content\/uploads\/2021\/09\/Renee_FOTO_BLOKI_625x355px_doctors.jpg","datePublished":"2021-09-22T13:38:01+00:00","dateModified":"2021-10-05T11:40:16+00:00","description":"Zdravili\u0161\u010de Roga\u0161ka ima 400-letno tradicijo zdravljenja z naravnimi zdravili, kot je mineralna voda Donat Mg,","breadcrumb":{"@id":"https:\/\/www.reneetours.si\/sl\/medicinski-turizem\/zdravilisce-rogaska\/#breadcrumb"},"inLanguage":"sl-SI","potentialAction":[{"@type":"ReadAction","target":["https:\/\/www.reneetours.si\/sl\/medicinski-turizem\/zdravilisce-rogaska\/"]}]},{"@type":"ImageObject","inLanguage":"sl-SI","@id":"https:\/\/www.reneetours.si\/sl\/medicinski-turizem\/zdravilisce-rogaska\/#primaryimage","url":"https:\/\/www.reneetours.si\/wp-content\/uploads\/2021\/09\/Renee_FOTO_BLOKI_625x355px_doctors.jpg","contentUrl":"https:\/\/www.reneetours.si\/wp-content\/uploads\/2021\/09\/Renee_FOTO_BLOKI_625x355px_doctors.jpg"},{"@type":"BreadcrumbList","@id":"https:\/\/www.reneetours.si\/sl\/medicinski-turizem\/zdravilisce-rogaska\/#breadcrumb","itemListElement":[{"@type":"ListItem","position":1,"name":"Home","item":"https:\/\/www.reneetours.si\/sl\/"},{"@type":"ListItem","position":2,"name":"Medicinski turizem","item":"https:\/\/www.reneetours.si\/sl\/medicinski-turizem\/"},{"@type":"ListItem","position":3,"name":"Zdravili\u0161\u010de Roga\u0161ka Slatina in Medical center Roga\u0161ka"}]},{"@type":"WebSite","@id":"https:\/\/www.reneetours.si\/sl\/#website","url":"https:\/\/www.reneetours.si\/sl\/","name":"Renee Tours","description":"Incoming and DMC","publisher":{"@id":"https:\/\/www.reneetours.si\/sl\/#organization"},"potentialAction":[{"@type":"SearchAction","target":{"@type":"EntryPoint","urlTemplate":"https:\/\/www.reneetours.si\/sl\/?s={search_term_string}"},"query-input":{"@type":"PropertyValueSpecification","valueRequired":true,"valueName":"search_term_string"}}],"inLanguage":"sl-SI"},{"@type":"Organization","@id":"https:\/\/www.reneetours.si\/sl\/#organization","name":"Renee Tours","url":"https:\/\/www.reneetours.si\/sl\/","logo":{"@type":"ImageObject","inLanguage":"sl-SI","@id":"https:\/\/www.reneetours.si\/sl\/#\/schema\/logo\/image\/","url":"https:\/\/www.reneetours.si\/wp-content\/uploads\/2021\/09\/cropped-cropped-Agencija-Renee_logotip_NOV-1.png","contentUrl":"https:\/\/www.reneetours.si\/wp-content\/uploads\/2021\/09\/cropped-cropped-Agencija-Renee_logotip_NOV-1.png","width":246,"height":54,"caption":"Renee Tours"},"image":{"@id":"https:\/\/www.reneetours.si\/sl\/#\/schema\/logo\/image\/"}}]}},"coauthors":[],"author_meta":{"author_link":"https:\/\/www.reneetours.si\/sl\/author\/w3bstudio\/","display_name":"W3bStudio"},"relative_dates":{"created":"Posted 5 let ago","modified":"Updated 5 let ago"},"absolute_dates":{"created":"Posted on 22 septembra, 2021","modified":"Updated on 5 oktobra, 2021"},"absolute_dates_time":{"created":"Posted on 22 septembra, 2021 1:38 pop","modified":"Updated on 5 oktobra, 2021 11:40 dop"},"featured_img_caption":"","featured_img":false,"series_order":"","_links":{"self":[{"href":"https:\/\/www.reneetours.si\/sl\/wp-json\/wp\/v2\/pages\/124","targetHints":{"allow":["GET"]}}],"collection":[{"href":"https:\/\/www.reneetours.si\/sl\/wp-json\/wp\/v2\/pages"}],"about":[{"href":"https:\/\/www.reneetours.si\/sl\/wp-json\/wp\/v2\/types\/page"}],"author":[{"embeddable":true,"href":"https:\/\/www.reneetours.si\/sl\/wp-json\/wp\/v2\/users\/1"}],"replies":[{"embeddable":true,"href":"https:\/\/www.reneetours.si\/sl\/wp-json\/wp\/v2\/comments?post=124"}],"version-history":[{"count":2,"href":"https:\/\/www.reneetours.si\/sl\/wp-json\/wp\/v2\/pages\/124\/revisions"}],"predecessor-version":[{"id":836,"href":"https:\/\/www.reneetours.si\/sl\/wp-json\/wp\/v2\/pages\/124\/revisions\/836"}],"up":[{"embeddable":true,"href":"https:\/\/www.reneetours.si\/sl\/wp-json\/wp\/v2\/pages\/13"}],"wp:attachment":[{"href":"https:\/\/www.reneetours.si\/sl\/wp-json\/wp\/v2\/media?parent=124"}],"curies":[{"name":"wp","href":"https:\/\/api.w.org\/{rel}","templated":true}]}}