{"id":126,"date":"2021-09-22T13:44:10","date_gmt":"2021-09-22T13:44:10","guid":{"rendered":"https:\/\/www.reneetours.si\/?page_id=126"},"modified":"2021-10-04T08:01:05","modified_gmt":"2021-10-04T08:01:05","slug":"ostala-zdravilisca","status":"publish","type":"page","link":"https:\/\/www.reneetours.si\/sl\/medicinski-turizem\/ostala-zdravilisca\/","title":{"rendered":"Ostala naravna zdravili\u0161\u010da v Sloveniji"},"content":{"rendered":"\n<div class=\"wp-block-advgb-columns advgb-columns-wrapper container services\" id=\"advgb-cols-25667d62-fb39-4545-8087-16fa1ca63bac\"><div class=\"advgb-columns-container\"><div class=\"advgb-columns advgb-columns-row advgb-is-mobile advgb-columns-2 layout-12-12 mbl-layout-stacked gutter-30 vgutter-10 order-rtl\">\n<div class=\"wp-block-advgb-column advgb-column advgb-is-half-tablet advgb-is-full-mobile\" id=\"advgb-col-379c83ab-036a-401c-8654-fe45e6940f9d\"><div class=\"advgb-column-inner\" style=\"border-style:none;border-width:1px\">\n<figure class=\"wp-block-image size-full\"><img loading=\"lazy\" decoding=\"async\" width=\"800\" height=\"800\" src=\"https:\/\/www.reneetours.si\/wp-content\/uploads\/2021\/09\/Renee_FOTO_BLOKI_1000x1000px_16-12-2015_other-medical.jpg\" alt=\"\" class=\"wp-image-127\" srcset=\"https:\/\/www.reneetours.si\/wp-content\/uploads\/2021\/09\/Renee_FOTO_BLOKI_1000x1000px_16-12-2015_other-medical.jpg 800w, https:\/\/www.reneetours.si\/wp-content\/uploads\/2021\/09\/Renee_FOTO_BLOKI_1000x1000px_16-12-2015_other-medical-300x300.jpg 300w, https:\/\/www.reneetours.si\/wp-content\/uploads\/2021\/09\/Renee_FOTO_BLOKI_1000x1000px_16-12-2015_other-medical-150x150.jpg 150w, https:\/\/www.reneetours.si\/wp-content\/uploads\/2021\/09\/Renee_FOTO_BLOKI_1000x1000px_16-12-2015_other-medical-768x768.jpg 768w\" sizes=\"auto, (max-width: 800px) 100vw, 800px\" \/><\/figure>\n<\/div><\/div>\n\n\n\n<div class=\"wp-block-advgb-column advgb-column advgb-is-half-tablet advgb-is-full-mobile kljukice\" id=\"advgb-col-944220f9-7c67-4e2e-9ced-b42d3e164e97\"><div class=\"advgb-column-inner\" style=\"border-style:none;border-width:1px\">\n<h3 class=\"wp-block-heading\">Ostala naravna zdravili\u0161\u010da v Sloveniji<\/h3>\n\n\n\n<ul class=\"wp-block-list\"><li>Terme Lifeclass<\/li><li>Terme Olimia<\/li><li>Terme \u010cate\u017e<\/li><li>Thermana La\u0161ko<\/li><li>Terme Radenci<\/li><li>Terme 3000 Moravske Toplice<\/li><li>Dolenjske Toplice<\/li><li>\u0160marje\u0161ke toplice<\/li><li>Terme Zre\u010de<\/li><li>Terme Dobrna<\/li><li>Terme Lendava<\/li><li>Terme Topol\u0161ica<\/li><li>Terme Snovik<\/li><li>Terme Ptuj<\/li><li>Zdravili\u0161\u010de Radenci<\/li><\/ul>\n<\/div><\/div>\n<\/div><\/div><\/div>\n\n\n\n<div class=\"wp-block-advgb-columns advgb-columns-wrapper container services\" id=\"advgb-cols-380ddab3-1c44-4a31-a0eb-d270c0815e83\"><div class=\"advgb-columns-container\"><div class=\"advgb-columns advgb-columns-row advgb-is-mobile advgb-columns-1 layout-100 mbl-layout-stacked vgutter-10\">\n<div class=\"wp-block-advgb-column advgb-column advgb-is-full-mobile\" id=\"advgb-col-9a253a3d-aae6-41e0-b1b7-241d21ecb64a\"><div class=\"advgb-column-inner\" style=\"border-style:none;border-width:1px\">\n<div class=\"wp-block-image tabela\"><figure class=\"aligncenter size-full\"><img loading=\"lazy\" decoding=\"async\" width=\"774\" height=\"403\" src=\"https:\/\/www.reneetours.si\/wp-content\/uploads\/2021\/09\/Agencija-Renee_2017-3_internet_tabele_SLO-1.png\" alt=\"\" class=\"wp-image-338\" srcset=\"https:\/\/www.reneetours.si\/wp-content\/uploads\/2021\/09\/Agencija-Renee_2017-3_internet_tabele_SLO-1.png 774w, https:\/\/www.reneetours.si\/wp-content\/uploads\/2021\/09\/Agencija-Renee_2017-3_internet_tabele_SLO-1-300x156.png 300w, https:\/\/www.reneetours.si\/wp-content\/uploads\/2021\/09\/Agencija-Renee_2017-3_internet_tabele_SLO-1-768x400.png 768w\" sizes=\"auto, (max-width: 774px) 100vw, 774px\" \/><\/figure><\/div>\n\n\n\n<div class=\"wp-block-image tabela\"><figure class=\"aligncenter size-full\"><img loading=\"lazy\" decoding=\"async\" width=\"774\" height=\"459\" src=\"https:\/\/www.reneetours.si\/wp-content\/uploads\/2021\/09\/Agencija-Renee_2017-3_internet_tabele_SLO-2.png\" alt=\"\" class=\"wp-image-339\" srcset=\"https:\/\/www.reneetours.si\/wp-content\/uploads\/2021\/09\/Agencija-Renee_2017-3_internet_tabele_SLO-2.png 774w, https:\/\/www.reneetours.si\/wp-content\/uploads\/2021\/09\/Agencija-Renee_2017-3_internet_tabele_SLO-2-300x178.png 300w, https:\/\/www.reneetours.si\/wp-content\/uploads\/2021\/09\/Agencija-Renee_2017-3_internet_tabele_SLO-2-768x455.png 768w\" sizes=\"auto, (max-width: 774px) 100vw, 774px\" \/><\/figure><\/div>\n<\/div><\/div>\n<\/div><\/div><\/div>\n\n\n\n<p><\/p>\n<style class=\"advgb-styles-renderer\">#advgb-col-379c83ab-036a-401c-8654-fe45e6940f9d>.advgb-column-inner{}@media screen and (max-width: 1023px) {#advgb-col-379c83ab-036a-401c-8654-fe45e6940f9d>.advgb-column-inner{}}@media screen and (max-width: 767px) {#advgb-col-379c83ab-036a-401c-8654-fe45e6940f9d>.advgb-column-inner{}}#advgb-col-944220f9-7c67-4e2e-9ced-b42d3e164e97>.advgb-column-inner{}@media screen and (max-width: 1023px) {#advgb-col-944220f9-7c67-4e2e-9ced-b42d3e164e97>.advgb-column-inner{}}@media screen and (max-width: 767px) {#advgb-col-944220f9-7c67-4e2e-9ced-b42d3e164e97>.advgb-column-inner{}}#advgb-cols-25667d62-fb39-4545-8087-16fa1ca63bac{}@media screen and (max-width: 1023px) {#advgb-cols-25667d62-fb39-4545-8087-16fa1ca63bac{}}@media screen and (max-width: 767px) {#advgb-cols-25667d62-fb39-4545-8087-16fa1ca63bac{}}#advgb-col-379c83ab-036a-401c-8654-fe45e6940f9d>.advgb-column-inner{}@media screen and (max-width: 1023px) {#advgb-col-379c83ab-036a-401c-8654-fe45e6940f9d>.advgb-column-inner{}}@media screen and (max-width: 767px) {#advgb-col-379c83ab-036a-401c-8654-fe45e6940f9d>.advgb-column-inner{}}#advgb-col-944220f9-7c67-4e2e-9ced-b42d3e164e97>.advgb-column-inner{}@media screen and (max-width: 1023px) {#advgb-col-944220f9-7c67-4e2e-9ced-b42d3e164e97>.advgb-column-inner{}}@media screen and (max-width: 767px) {#advgb-col-944220f9-7c67-4e2e-9ced-b42d3e164e97>.advgb-column-inner{}}#advgb-col-9a253a3d-aae6-41e0-b1b7-241d21ecb64a>.advgb-column-inner{}@media screen and (max-width: 1023px) {#advgb-col-9a253a3d-aae6-41e0-b1b7-241d21ecb64a>.advgb-column-inner{}}@media screen and (max-width: 767px) {#advgb-col-9a253a3d-aae6-41e0-b1b7-241d21ecb64a>.advgb-column-inner{}}#advgb-cols-380ddab3-1c44-4a31-a0eb-d270c0815e83{}@media screen and (max-width: 1023px) {#advgb-cols-380ddab3-1c44-4a31-a0eb-d270c0815e83{}}@media screen and (max-width: 767px) {#advgb-cols-380ddab3-1c44-4a31-a0eb-d270c0815e83{}}#advgb-col-9a253a3d-aae6-41e0-b1b7-241d21ecb64a>.advgb-column-inner{}@media screen and (max-width: 1023px) {#advgb-col-9a253a3d-aae6-41e0-b1b7-241d21ecb64a>.advgb-column-inner{}}@media screen and (max-width: 767px) {#advgb-col-9a253a3d-aae6-41e0-b1b7-241d21ecb64a>.advgb-column-inner{}}<\/style>","protected":false},"excerpt":{"rendered":"","protected":false},"author":1,"featured_media":0,"parent":13,"menu_order":0,"comment_status":"closed","ping_status":"closed","template":"","meta":{"advgb_blocks_editor_width":"","advgb_blocks_columns_visual_guide":"","footnotes":""},"class_list":["post-126","page","type-page","status-publish","hentry"],"yoast_head":"<!-- This site is optimized with the Yoast SEO plugin v27.3 - https:\/\/yoast.com\/product\/yoast-seo-wordpress\/ -->\n<title>Ostala naravna zdravili\u0161\u010da v Sloveniji - Renee Tours<\/title>\n<meta name=\"description\" content=\"Seznam drugih naravnih zdravili\u0161\u010d v Sloveniji z njihovo naravno ponudbo zdravil in na\u010dini zdravljenja razli\u010dnih zdravstvenih te\u017eav.\" \/>\n<meta name=\"robots\" content=\"index, follow, max-snippet:-1, max-image-preview:large, max-video-preview:-1\" \/>\n<link rel=\"canonical\" href=\"https:\/\/www.reneetours.si\/sl\/medicinski-turizem\/ostala-zdravilisca\/\" \/>\n<meta property=\"og:locale\" content=\"sl_SI\" \/>\n<meta property=\"og:type\" content=\"article\" \/>\n<meta property=\"og:title\" content=\"Ostala naravna zdravili\u0161\u010da v Sloveniji - Renee Tours\" \/>\n<meta property=\"og:description\" content=\"Seznam drugih naravnih zdravili\u0161\u010d v Sloveniji z njihovo naravno ponudbo zdravil in na\u010dini zdravljenja razli\u010dnih zdravstvenih te\u017eav.\" \/>\n<meta property=\"og:url\" content=\"https:\/\/www.reneetours.si\/sl\/medicinski-turizem\/ostala-zdravilisca\/\" \/>\n<meta property=\"og:site_name\" content=\"Renee Tours\" \/>\n<meta property=\"article:modified_time\" content=\"2021-10-04T08:01:05+00:00\" \/>\n<meta property=\"og:image\" content=\"https:\/\/www.reneetours.si\/wp-content\/uploads\/2021\/09\/Renee_FOTO_BLOKI_1000x1000px_16-12-2015_other-medical.jpg\" \/>\n<meta name=\"twitter:card\" content=\"summary_large_image\" \/>\n<meta name=\"twitter:label1\" content=\"Est. reading time\" \/>\n\t<meta name=\"twitter:data1\" content=\"1 minuta\" \/>\n<script type=\"application\/ld+json\" class=\"yoast-schema-graph\">{\"@context\":\"https:\\\/\\\/schema.org\",\"@graph\":[{\"@type\":\"WebPage\",\"@id\":\"https:\\\/\\\/www.reneetours.si\\\/sl\\\/medicinski-turizem\\\/ostala-zdravilisca\\\/\",\"url\":\"https:\\\/\\\/www.reneetours.si\\\/sl\\\/medicinski-turizem\\\/ostala-zdravilisca\\\/\",\"name\":\"Ostala naravna zdravili\u0161\u010da v Sloveniji - Renee Tours\",\"isPartOf\":{\"@id\":\"https:\\\/\\\/www.reneetours.si\\\/sl\\\/#website\"},\"primaryImageOfPage\":{\"@id\":\"https:\\\/\\\/www.reneetours.si\\\/sl\\\/medicinski-turizem\\\/ostala-zdravilisca\\\/#primaryimage\"},\"image\":{\"@id\":\"https:\\\/\\\/www.reneetours.si\\\/sl\\\/medicinski-turizem\\\/ostala-zdravilisca\\\/#primaryimage\"},\"thumbnailUrl\":\"https:\\\/\\\/www.reneetours.si\\\/wp-content\\\/uploads\\\/2021\\\/09\\\/Renee_FOTO_BLOKI_1000x1000px_16-12-2015_other-medical.jpg\",\"datePublished\":\"2021-09-22T13:44:10+00:00\",\"dateModified\":\"2021-10-04T08:01:05+00:00\",\"description\":\"Seznam drugih naravnih zdravili\u0161\u010d v Sloveniji z njihovo naravno ponudbo zdravil in na\u010dini zdravljenja razli\u010dnih zdravstvenih te\u017eav.\",\"breadcrumb\":{\"@id\":\"https:\\\/\\\/www.reneetours.si\\\/sl\\\/medicinski-turizem\\\/ostala-zdravilisca\\\/#breadcrumb\"},\"inLanguage\":\"sl-SI\",\"potentialAction\":[{\"@type\":\"ReadAction\",\"target\":[\"https:\\\/\\\/www.reneetours.si\\\/sl\\\/medicinski-turizem\\\/ostala-zdravilisca\\\/\"]}]},{\"@type\":\"ImageObject\",\"inLanguage\":\"sl-SI\",\"@id\":\"https:\\\/\\\/www.reneetours.si\\\/sl\\\/medicinski-turizem\\\/ostala-zdravilisca\\\/#primaryimage\",\"url\":\"https:\\\/\\\/www.reneetours.si\\\/wp-content\\\/uploads\\\/2021\\\/09\\\/Renee_FOTO_BLOKI_1000x1000px_16-12-2015_other-medical.jpg\",\"contentUrl\":\"https:\\\/\\\/www.reneetours.si\\\/wp-content\\\/uploads\\\/2021\\\/09\\\/Renee_FOTO_BLOKI_1000x1000px_16-12-2015_other-medical.jpg\"},{\"@type\":\"BreadcrumbList\",\"@id\":\"https:\\\/\\\/www.reneetours.si\\\/sl\\\/medicinski-turizem\\\/ostala-zdravilisca\\\/#breadcrumb\",\"itemListElement\":[{\"@type\":\"ListItem\",\"position\":1,\"name\":\"Home\",\"item\":\"https:\\\/\\\/www.reneetours.si\\\/sl\\\/\"},{\"@type\":\"ListItem\",\"position\":2,\"name\":\"Medicinski turizem\",\"item\":\"https:\\\/\\\/www.reneetours.si\\\/sl\\\/medicinski-turizem\\\/\"},{\"@type\":\"ListItem\",\"position\":3,\"name\":\"Ostala naravna zdravili\u0161\u010da v Sloveniji\"}]},{\"@type\":\"WebSite\",\"@id\":\"https:\\\/\\\/www.reneetours.si\\\/sl\\\/#website\",\"url\":\"https:\\\/\\\/www.reneetours.si\\\/sl\\\/\",\"name\":\"Renee Tours\",\"description\":\"Incoming and DMC\",\"publisher\":{\"@id\":\"https:\\\/\\\/www.reneetours.si\\\/sl\\\/#organization\"},\"potentialAction\":[{\"@type\":\"SearchAction\",\"target\":{\"@type\":\"EntryPoint\",\"urlTemplate\":\"https:\\\/\\\/www.reneetours.si\\\/sl\\\/?s={search_term_string}\"},\"query-input\":{\"@type\":\"PropertyValueSpecification\",\"valueRequired\":true,\"valueName\":\"search_term_string\"}}],\"inLanguage\":\"sl-SI\"},{\"@type\":\"Organization\",\"@id\":\"https:\\\/\\\/www.reneetours.si\\\/sl\\\/#organization\",\"name\":\"Renee Tours\",\"url\":\"https:\\\/\\\/www.reneetours.si\\\/sl\\\/\",\"logo\":{\"@type\":\"ImageObject\",\"inLanguage\":\"sl-SI\",\"@id\":\"https:\\\/\\\/www.reneetours.si\\\/sl\\\/#\\\/schema\\\/logo\\\/image\\\/\",\"url\":\"https:\\\/\\\/www.reneetours.si\\\/wp-content\\\/uploads\\\/2021\\\/09\\\/cropped-cropped-Agencija-Renee_logotip_NOV-1.png\",\"contentUrl\":\"https:\\\/\\\/www.reneetours.si\\\/wp-content\\\/uploads\\\/2021\\\/09\\\/cropped-cropped-Agencija-Renee_logotip_NOV-1.png\",\"width\":246,\"height\":54,\"caption\":\"Renee Tours\"},\"image\":{\"@id\":\"https:\\\/\\\/www.reneetours.si\\\/sl\\\/#\\\/schema\\\/logo\\\/image\\\/\"}}]}<\/script>\n<!-- \/ Yoast SEO plugin. -->","yoast_head_json":{"title":"Ostala naravna zdravili\u0161\u010da v Sloveniji - Renee Tours","description":"Seznam drugih naravnih zdravili\u0161\u010d v Sloveniji z njihovo naravno ponudbo zdravil in na\u010dini zdravljenja razli\u010dnih zdravstvenih te\u017eav.","robots":{"index":"index","follow":"follow","max-snippet":"max-snippet:-1","max-image-preview":"max-image-preview:large","max-video-preview":"max-video-preview:-1"},"canonical":"https:\/\/www.reneetours.si\/sl\/medicinski-turizem\/ostala-zdravilisca\/","og_locale":"sl_SI","og_type":"article","og_title":"Ostala naravna zdravili\u0161\u010da v Sloveniji - Renee Tours","og_description":"Seznam drugih naravnih zdravili\u0161\u010d v Sloveniji z njihovo naravno ponudbo zdravil in na\u010dini zdravljenja razli\u010dnih zdravstvenih te\u017eav.","og_url":"https:\/\/www.reneetours.si\/sl\/medicinski-turizem\/ostala-zdravilisca\/","og_site_name":"Renee Tours","article_modified_time":"2021-10-04T08:01:05+00:00","og_image":[{"url":"https:\/\/www.reneetours.si\/wp-content\/uploads\/2021\/09\/Renee_FOTO_BLOKI_1000x1000px_16-12-2015_other-medical.jpg","type":"","width":"","height":""}],"twitter_card":"summary_large_image","twitter_misc":{"Est. reading time":"1 minuta"},"schema":{"@context":"https:\/\/schema.org","@graph":[{"@type":"WebPage","@id":"https:\/\/www.reneetours.si\/sl\/medicinski-turizem\/ostala-zdravilisca\/","url":"https:\/\/www.reneetours.si\/sl\/medicinski-turizem\/ostala-zdravilisca\/","name":"Ostala naravna zdravili\u0161\u010da v Sloveniji - Renee Tours","isPartOf":{"@id":"https:\/\/www.reneetours.si\/sl\/#website"},"primaryImageOfPage":{"@id":"https:\/\/www.reneetours.si\/sl\/medicinski-turizem\/ostala-zdravilisca\/#primaryimage"},"image":{"@id":"https:\/\/www.reneetours.si\/sl\/medicinski-turizem\/ostala-zdravilisca\/#primaryimage"},"thumbnailUrl":"https:\/\/www.reneetours.si\/wp-content\/uploads\/2021\/09\/Renee_FOTO_BLOKI_1000x1000px_16-12-2015_other-medical.jpg","datePublished":"2021-09-22T13:44:10+00:00","dateModified":"2021-10-04T08:01:05+00:00","description":"Seznam drugih naravnih zdravili\u0161\u010d v Sloveniji z njihovo naravno ponudbo zdravil in na\u010dini zdravljenja razli\u010dnih zdravstvenih te\u017eav.","breadcrumb":{"@id":"https:\/\/www.reneetours.si\/sl\/medicinski-turizem\/ostala-zdravilisca\/#breadcrumb"},"inLanguage":"sl-SI","potentialAction":[{"@type":"ReadAction","target":["https:\/\/www.reneetours.si\/sl\/medicinski-turizem\/ostala-zdravilisca\/"]}]},{"@type":"ImageObject","inLanguage":"sl-SI","@id":"https:\/\/www.reneetours.si\/sl\/medicinski-turizem\/ostala-zdravilisca\/#primaryimage","url":"https:\/\/www.reneetours.si\/wp-content\/uploads\/2021\/09\/Renee_FOTO_BLOKI_1000x1000px_16-12-2015_other-medical.jpg","contentUrl":"https:\/\/www.reneetours.si\/wp-content\/uploads\/2021\/09\/Renee_FOTO_BLOKI_1000x1000px_16-12-2015_other-medical.jpg"},{"@type":"BreadcrumbList","@id":"https:\/\/www.reneetours.si\/sl\/medicinski-turizem\/ostala-zdravilisca\/#breadcrumb","itemListElement":[{"@type":"ListItem","position":1,"name":"Home","item":"https:\/\/www.reneetours.si\/sl\/"},{"@type":"ListItem","position":2,"name":"Medicinski turizem","item":"https:\/\/www.reneetours.si\/sl\/medicinski-turizem\/"},{"@type":"ListItem","position":3,"name":"Ostala naravna zdravili\u0161\u010da v Sloveniji"}]},{"@type":"WebSite","@id":"https:\/\/www.reneetours.si\/sl\/#website","url":"https:\/\/www.reneetours.si\/sl\/","name":"Renee Tours","description":"Incoming and DMC","publisher":{"@id":"https:\/\/www.reneetours.si\/sl\/#organization"},"potentialAction":[{"@type":"SearchAction","target":{"@type":"EntryPoint","urlTemplate":"https:\/\/www.reneetours.si\/sl\/?s={search_term_string}"},"query-input":{"@type":"PropertyValueSpecification","valueRequired":true,"valueName":"search_term_string"}}],"inLanguage":"sl-SI"},{"@type":"Organization","@id":"https:\/\/www.reneetours.si\/sl\/#organization","name":"Renee Tours","url":"https:\/\/www.reneetours.si\/sl\/","logo":{"@type":"ImageObject","inLanguage":"sl-SI","@id":"https:\/\/www.reneetours.si\/sl\/#\/schema\/logo\/image\/","url":"https:\/\/www.reneetours.si\/wp-content\/uploads\/2021\/09\/cropped-cropped-Agencija-Renee_logotip_NOV-1.png","contentUrl":"https:\/\/www.reneetours.si\/wp-content\/uploads\/2021\/09\/cropped-cropped-Agencija-Renee_logotip_NOV-1.png","width":246,"height":54,"caption":"Renee Tours"},"image":{"@id":"https:\/\/www.reneetours.si\/sl\/#\/schema\/logo\/image\/"}}]}},"coauthors":[],"author_meta":{"author_link":"https:\/\/www.reneetours.si\/sl\/author\/w3bstudio\/","display_name":"W3bStudio"},"relative_dates":{"created":"Posted 5 let ago","modified":"Updated 5 let ago"},"absolute_dates":{"created":"Posted on 22 septembra, 2021","modified":"Updated on 4 oktobra, 2021"},"absolute_dates_time":{"created":"Posted on 22 septembra, 2021 1:44 pop","modified":"Updated on 4 oktobra, 2021 8:01 dop"},"featured_img_caption":"","featured_img":false,"series_order":"","_links":{"self":[{"href":"https:\/\/www.reneetours.si\/sl\/wp-json\/wp\/v2\/pages\/126","targetHints":{"allow":["GET"]}}],"collection":[{"href":"https:\/\/www.reneetours.si\/sl\/wp-json\/wp\/v2\/pages"}],"about":[{"href":"https:\/\/www.reneetours.si\/sl\/wp-json\/wp\/v2\/types\/page"}],"author":[{"embeddable":true,"href":"https:\/\/www.reneetours.si\/sl\/wp-json\/wp\/v2\/users\/1"}],"replies":[{"embeddable":true,"href":"https:\/\/www.reneetours.si\/sl\/wp-json\/wp\/v2\/comments?post=126"}],"version-history":[{"count":2,"href":"https:\/\/www.reneetours.si\/sl\/wp-json\/wp\/v2\/pages\/126\/revisions"}],"predecessor-version":[{"id":728,"href":"https:\/\/www.reneetours.si\/sl\/wp-json\/wp\/v2\/pages\/126\/revisions\/728"}],"up":[{"embeddable":true,"href":"https:\/\/www.reneetours.si\/sl\/wp-json\/wp\/v2\/pages\/13"}],"wp:attachment":[{"href":"https:\/\/www.reneetours.si\/sl\/wp-json\/wp\/v2\/media?parent=126"}],"curies":[{"name":"wp","href":"https:\/\/api.w.org\/{rel}","templated":true}]}}