{"id":13,"date":"2021-09-22T08:55:08","date_gmt":"2021-09-22T08:55:08","guid":{"rendered":"https:\/\/www.reneetours.si\/?page_id=13"},"modified":"2021-10-04T07:58:13","modified_gmt":"2021-10-04T07:58:13","slug":"medicinski-turizem","status":"publish","type":"page","link":"https:\/\/www.reneetours.si\/sl\/medicinski-turizem\/","title":{"rendered":"Medicinski turizem"},"content":{"rendered":"\n<div class=\"wp-block-advgb-columns advgb-columns-wrapper container services\" id=\"advgb-cols-b78aa039-41f5-4b9d-8478-4ab6410541b1\"><div class=\"advgb-columns-container\"><div class=\"advgb-columns advgb-columns-row advgb-is-mobile advgb-columns-1 layout-100 mbl-layout-stacked vgutter-10\">\n<div class=\"wp-block-advgb-column advgb-column advgb-is-full-mobile\" id=\"advgb-col-1a13b60f-cecd-4374-9adc-992a49ec130e\"><div class=\"advgb-column-inner\" style=\"border-style:none;border-width:1px\">\n<div class=\"wp-block-advgb-columns advgb-columns-wrapper services-row\" id=\"advgb-cols-5b28ef30-67e3-4fd8-bf72-c1bc49825a74\"><div class=\"advgb-columns-container\"><div class=\"advgb-columns advgb-columns-row advgb-is-mobile advgb-columns-2 layout-12-12 mbl-layout-stacked gutter-30 vgutter-10 order-rtl\">\n<div class=\"wp-block-advgb-column advgb-column advgb-is-half-tablet advgb-is-full-mobile\" id=\"advgb-col-348ab79d-5c67-41e5-b649-6d634297be1a\"><div class=\"advgb-column-inner\" style=\"border-style:none;border-width:1px\">\n<figure class=\"wp-block-image size-full is-resized\"><img loading=\"lazy\" decoding=\"async\" src=\"https:\/\/www.reneetours.si\/wp-content\/uploads\/2021\/09\/Renee_FOTO_medical-tourism.jpg\" alt=\"\" class=\"wp-image-110\" width=\"395\" height=\"395\" srcset=\"https:\/\/www.reneetours.si\/wp-content\/uploads\/2021\/09\/Renee_FOTO_medical-tourism.jpg 800w, https:\/\/www.reneetours.si\/wp-content\/uploads\/2021\/09\/Renee_FOTO_medical-tourism-300x300.jpg 300w, https:\/\/www.reneetours.si\/wp-content\/uploads\/2021\/09\/Renee_FOTO_medical-tourism-150x150.jpg 150w, https:\/\/www.reneetours.si\/wp-content\/uploads\/2021\/09\/Renee_FOTO_medical-tourism-768x768.jpg 768w\" sizes=\"auto, (max-width: 395px) 100vw, 395px\" \/><\/figure>\n<\/div><\/div>\n\n\n\n<div class=\"wp-block-advgb-column advgb-column advgb-is-half-tablet advgb-is-full-mobile\" id=\"advgb-col-90c8c189-f3b0-4b21-acd2-8ae516fb1567\"><div class=\"advgb-column-inner\" style=\"border-style:none;border-width:1px\">\n<h3 class=\"wp-block-heading\" id=\"2\">Medicinski turizem v Sloveniji<\/h3>\n\n\n\n<p>Slovenija kot destinacija medicinskega turizma sprejema goste z vsega sveta. V tej smeri se nenehno razvija v \u017eelji, da gost dobi le najbolj\u0161e, kar posamezna destinacija ponuja.<\/p>\n\n\n\n<p>Slovenska naravna zdravili\u0161\u010da so med prvimi desetimi na svetu. Tradicionalni na\u010dini zdravljenja skupaj s sodobno medicino so idealni tudi za tiste turiste, ki po diagnosti\u010dni preiskavi oziroma operacijskem posegu \u017eelijo in potrebujejo okrevanje in popolno sprostitev.<\/p>\n<\/div><\/div>\n<\/div><\/div><\/div>\n\n\n\n<div class=\"wp-block-advgb-columns advgb-columns-wrapper services-row\" id=\"advgb-cols-df141ac5-4d80-4923-8e30-400f78e81c2b\"><div class=\"advgb-columns-container\"><div class=\"advgb-columns advgb-columns-row advgb-is-mobile advgb-columns-2 layout-12-12 mbl-layout-stacked gutter-30 vgutter-10\">\n<div class=\"wp-block-advgb-column advgb-column advgb-is-half-tablet advgb-is-full-mobile\" id=\"advgb-col-b72f16f3-ee97-4dcd-9742-537ec8b7ee30\"><div class=\"advgb-column-inner\" style=\"border-style:none;border-width:1px\">\n<h3 class=\"wp-block-heading\">Zdravili\u0161\u010de Roga\u0161ka Slatina in Medical center Roga\u0161ka<\/h3>\n\n\n\n<p>Roga\u0161ka Slatina se pona\u0161a s 400-letno tradicijo zdravljenja z naravnimi faktorji, kot je naravna mineralna voda Donat Mg, z magnezijem najbogatej\u0161a voda na svetu. Pomaga pri zdravljenju gastroenterolo\u0161kih, endokrinih in presnovnih bolezni, bolezni srca in prebavnega sistema.<\/p>\n\n\n\n<p>Zdravili\u0161\u010de Roga\u0161ka Slatina je edino zdravili\u0161\u010de v Sloveniji, ki je specializirano za prepre\u010devanje, rehabilitacijo in nadaljnje zdravljenje gastroenterolo\u0161kih in endokrinih bolezni ter stanj po operacijah.<\/p>\n\n\n\n<p>Ve\u010d o zdravili\u0161\u010du Roga\u0161ka Slatina na&nbsp;<a href=\"http:\/\/www.rogaska-medical.com\/si\/\">www.rogaska-medical.com\/si\/<\/a>.&nbsp;<\/p>\n\n\n\n<p>Pitne kure naravne mineralne vode Donat Mg so za zdravljenje v kombinaciji z drugimi izbranimi na\u010dini zdravljenja bistvenega pomena pri odpravljanju zaprtja, debelosti, prekomernega izlo\u010danja \u017eelod\u010dne kisline in zgage. Odli\u010dno vplivajo na organizem v stresnih situacijah, med psihi\u010dno in fizi\u010dno obremenitvijo, na diabetes, visok krvni tlak in med nose\u010dnostjo, ko se pove\u010da potreba po magneziju. Donat Mg je najbogatej\u0161a z magnezijem voda na svetu. Vsebuje ve\u010d kot 1000 mg\/l magnezija in je v samem svetovnem vrhu zdravilnih vod.<\/p>\n\n\n\n<p>Ve\u010d o Donatu Mg na&nbsp;<a href=\"http:\/\/www.rogaska-medical.com\/si\/donat-mg\">www.rogaska-medical.com\/si\/donat-mg<\/a>.<\/p>\n\n\n\n<p>Vse storitve v Medical centru Roga\u0161ka se izvajajo pod nadzorom 40 zdravnikov: balneoterapija, fizioterapija, diagnostika, prehransko svetovanje, preventivni mened\u017eerski programi, kratki usmerjeni pregledi, dermatologija in pomlajevanje, kirurgija (estetska plasti\u010dna, \u017eilna, kirurgija roke), medicinske masa\u017ee, oblikovanje telesa, akupunktura, kozmeti\u010dne storitve in razli\u010dni zdravstveni programi (preob\u010dutljivost na hrano, razstrupljanje, huj\u0161anje, za otroke, amaterske \u0161portnike &#8230;). Certifikat Accreditation Canada Gold potrjuje visoko kakovost storitev in varnost postopkov v skladu z mednarodnimi standardi odli\u010dnosti v kakovosti zdravstvene obravnave.<\/p>\n\n\n\n<p>Ve\u010d o Medical centru Roga\u0161ka na&nbsp;<a href=\"http:\/\/www.rogaska-medical.com\/si\/\">www.rogaska-medical.com\/si\/<\/a>.<\/p>\n<\/div><\/div>\n\n\n\n<div class=\"wp-block-advgb-column advgb-column advgb-is-half-tablet advgb-is-full-mobile\" id=\"advgb-col-14a27317-32c1-40c8-9de4-d8cc483b3b68\"><div class=\"advgb-column-inner\" style=\"border-style:none;border-width:1px\">\n<figure class=\"wp-block-image size-full\"><img loading=\"lazy\" decoding=\"async\" width=\"625\" height=\"355\" src=\"https:\/\/www.reneetours.si\/wp-content\/uploads\/2021\/09\/Renee_FOTO_BLOKI_625x355px_rogaska-hotel.jpg\" alt=\"\" class=\"wp-image-113\" srcset=\"https:\/\/www.reneetours.si\/wp-content\/uploads\/2021\/09\/Renee_FOTO_BLOKI_625x355px_rogaska-hotel.jpg 625w, https:\/\/www.reneetours.si\/wp-content\/uploads\/2021\/09\/Renee_FOTO_BLOKI_625x355px_rogaska-hotel-300x170.jpg 300w\" sizes=\"auto, (max-width: 625px) 100vw, 625px\" \/><\/figure>\n\n\n\n<figure class=\"wp-block-image size-full\"><img loading=\"lazy\" decoding=\"async\" width=\"625\" height=\"355\" src=\"https:\/\/www.reneetours.si\/wp-content\/uploads\/2021\/09\/Renee_FOTO_BLOKI_625x355px_drinking-donat.jpg\" alt=\"\" class=\"wp-image-112\" srcset=\"https:\/\/www.reneetours.si\/wp-content\/uploads\/2021\/09\/Renee_FOTO_BLOKI_625x355px_drinking-donat.jpg 625w, https:\/\/www.reneetours.si\/wp-content\/uploads\/2021\/09\/Renee_FOTO_BLOKI_625x355px_drinking-donat-300x170.jpg 300w\" sizes=\"auto, (max-width: 625px) 100vw, 625px\" \/><\/figure>\n\n\n\n<figure class=\"wp-block-image size-full\"><img loading=\"lazy\" decoding=\"async\" width=\"625\" height=\"355\" src=\"https:\/\/www.reneetours.si\/wp-content\/uploads\/2021\/09\/Renee_FOTO_BLOKI_625x355px_doctors.jpg\" alt=\"\" class=\"wp-image-111\" srcset=\"https:\/\/www.reneetours.si\/wp-content\/uploads\/2021\/09\/Renee_FOTO_BLOKI_625x355px_doctors.jpg 625w, https:\/\/www.reneetours.si\/wp-content\/uploads\/2021\/09\/Renee_FOTO_BLOKI_625x355px_doctors-300x170.jpg 300w\" sizes=\"auto, (max-width: 625px) 100vw, 625px\" \/><\/figure>\n<\/div><\/div>\n<\/div><\/div><\/div>\n\n\n\n<h3 class=\"wp-block-heading\">Slovenska naravna zdravili\u0161\u010da<\/h3>\n\n\n\n<ul class=\"wp-block-list\"><li>14 naravnih zdravili\u0161\u010d v \u0161tirih raznolikih regijah<\/li><li>600-letna tradicija, obogatena s sodobno ponudbo 87 naravnih termalnih vrelcev<\/li><li>Temperatura termalne vode na povr\u0161ini je med 24 in 73 stopinjami Celzija<\/li><li>Dve svetovno znani zdravilni mineralni vodi: Donat Mg in Radenska<\/li><li>Ve\u010d kot 47.000 m\u00b2 notranjih in zunanjih povr\u0161in s termalno vodo<\/li><\/ul>\n\n\n\n<div class=\"wp-block-image tabela\"><figure class=\"aligncenter size-full\"><img loading=\"lazy\" decoding=\"async\" width=\"774\" height=\"403\" src=\"https:\/\/www.reneetours.si\/wp-content\/uploads\/2021\/09\/Agencija-Renee_2017-3_internet_tabele_SLO-1.png\" alt=\"\" class=\"wp-image-338\" title=\"\" srcset=\"https:\/\/www.reneetours.si\/wp-content\/uploads\/2021\/09\/Agencija-Renee_2017-3_internet_tabele_SLO-1.png 774w, https:\/\/www.reneetours.si\/wp-content\/uploads\/2021\/09\/Agencija-Renee_2017-3_internet_tabele_SLO-1-300x156.png 300w, https:\/\/www.reneetours.si\/wp-content\/uploads\/2021\/09\/Agencija-Renee_2017-3_internet_tabele_SLO-1-768x400.png 768w\" sizes=\"auto, (max-width: 774px) 100vw, 774px\" \/><\/figure><\/div>\n\n\n\n<div class=\"wp-block-image tabela\"><figure class=\"aligncenter size-full\"><img loading=\"lazy\" decoding=\"async\" width=\"774\" height=\"459\" src=\"https:\/\/www.reneetours.si\/wp-content\/uploads\/2021\/09\/Agencija-Renee_2017-3_internet_tabele_SLO-2.png\" alt=\"\" class=\"wp-image-339\" srcset=\"https:\/\/www.reneetours.si\/wp-content\/uploads\/2021\/09\/Agencija-Renee_2017-3_internet_tabele_SLO-2.png 774w, https:\/\/www.reneetours.si\/wp-content\/uploads\/2021\/09\/Agencija-Renee_2017-3_internet_tabele_SLO-2-300x178.png 300w, https:\/\/www.reneetours.si\/wp-content\/uploads\/2021\/09\/Agencija-Renee_2017-3_internet_tabele_SLO-2-768x455.png 768w\" sizes=\"auto, (max-width: 774px) 100vw, 774px\" \/><\/figure><\/div>\n<\/div><\/div>\n<\/div><\/div><\/div>\n<style class=\"advgb-styles-renderer\">#advgb-col-348ab79d-5c67-41e5-b649-6d634297be1a>.advgb-column-inner{}@media screen and (max-width: 1023px) {#advgb-col-348ab79d-5c67-41e5-b649-6d634297be1a>.advgb-column-inner{}}@media screen and (max-width: 767px) {#advgb-col-348ab79d-5c67-41e5-b649-6d634297be1a>.advgb-column-inner{}}#advgb-col-90c8c189-f3b0-4b21-acd2-8ae516fb1567>.advgb-column-inner{}@media screen and (max-width: 1023px) {#advgb-col-90c8c189-f3b0-4b21-acd2-8ae516fb1567>.advgb-column-inner{}}@media screen and (max-width: 767px) {#advgb-col-90c8c189-f3b0-4b21-acd2-8ae516fb1567>.advgb-column-inner{}}#advgb-cols-5b28ef30-67e3-4fd8-bf72-c1bc49825a74{}@media screen and (max-width: 1023px) {#advgb-cols-5b28ef30-67e3-4fd8-bf72-c1bc49825a74{}}@media screen and (max-width: 767px) {#advgb-cols-5b28ef30-67e3-4fd8-bf72-c1bc49825a74{}}#advgb-col-348ab79d-5c67-41e5-b649-6d634297be1a>.advgb-column-inner{}@media screen and (max-width: 1023px) {#advgb-col-348ab79d-5c67-41e5-b649-6d634297be1a>.advgb-column-inner{}}@media screen and (max-width: 767px) {#advgb-col-348ab79d-5c67-41e5-b649-6d634297be1a>.advgb-column-inner{}}#advgb-col-90c8c189-f3b0-4b21-acd2-8ae516fb1567>.advgb-column-inner{}@media screen and (max-width: 1023px) {#advgb-col-90c8c189-f3b0-4b21-acd2-8ae516fb1567>.advgb-column-inner{}}@media screen and (max-width: 767px) {#advgb-col-90c8c189-f3b0-4b21-acd2-8ae516fb1567>.advgb-column-inner{}}#advgb-col-b72f16f3-ee97-4dcd-9742-537ec8b7ee30>.advgb-column-inner{}@media screen and (max-width: 1023px) {#advgb-col-b72f16f3-ee97-4dcd-9742-537ec8b7ee30>.advgb-column-inner{}}@media screen and (max-width: 767px) {#advgb-col-b72f16f3-ee97-4dcd-9742-537ec8b7ee30>.advgb-column-inner{}}#advgb-col-14a27317-32c1-40c8-9de4-d8cc483b3b68>.advgb-column-inner{}@media screen and (max-width: 1023px) {#advgb-col-14a27317-32c1-40c8-9de4-d8cc483b3b68>.advgb-column-inner{}}@media screen and (max-width: 767px) {#advgb-col-14a27317-32c1-40c8-9de4-d8cc483b3b68>.advgb-column-inner{}}#advgb-cols-df141ac5-4d80-4923-8e30-400f78e81c2b{}@media screen and (max-width: 1023px) {#advgb-cols-df141ac5-4d80-4923-8e30-400f78e81c2b{}}@media screen and (max-width: 767px) {#advgb-cols-df141ac5-4d80-4923-8e30-400f78e81c2b{}}#advgb-col-b72f16f3-ee97-4dcd-9742-537ec8b7ee30>.advgb-column-inner{}@media screen and (max-width: 1023px) {#advgb-col-b72f16f3-ee97-4dcd-9742-537ec8b7ee30>.advgb-column-inner{}}@media screen and (max-width: 767px) {#advgb-col-b72f16f3-ee97-4dcd-9742-537ec8b7ee30>.advgb-column-inner{}}#advgb-col-14a27317-32c1-40c8-9de4-d8cc483b3b68>.advgb-column-inner{}@media screen and (max-width: 1023px) {#advgb-col-14a27317-32c1-40c8-9de4-d8cc483b3b68>.advgb-column-inner{}}@media screen and (max-width: 767px) {#advgb-col-14a27317-32c1-40c8-9de4-d8cc483b3b68>.advgb-column-inner{}}#advgb-col-1a13b60f-cecd-4374-9adc-992a49ec130e>.advgb-column-inner{}@media screen and (max-width: 1023px) {#advgb-col-1a13b60f-cecd-4374-9adc-992a49ec130e>.advgb-column-inner{}}@media screen and (max-width: 767px) {#advgb-col-1a13b60f-cecd-4374-9adc-992a49ec130e>.advgb-column-inner{}}#advgb-cols-5b28ef30-67e3-4fd8-bf72-c1bc49825a74{}@media screen and (max-width: 1023px) {#advgb-cols-5b28ef30-67e3-4fd8-bf72-c1bc49825a74{}}@media screen and (max-width: 767px) {#advgb-cols-5b28ef30-67e3-4fd8-bf72-c1bc49825a74{}}#advgb-col-348ab79d-5c67-41e5-b649-6d634297be1a>.advgb-column-inner{}@media screen and (max-width: 1023px) {#advgb-col-348ab79d-5c67-41e5-b649-6d634297be1a>.advgb-column-inner{}}@media screen and (max-width: 767px) {#advgb-col-348ab79d-5c67-41e5-b649-6d634297be1a>.advgb-column-inner{}}#advgb-col-90c8c189-f3b0-4b21-acd2-8ae516fb1567>.advgb-column-inner{}@media screen and (max-width: 1023px) {#advgb-col-90c8c189-f3b0-4b21-acd2-8ae516fb1567>.advgb-column-inner{}}@media screen and (max-width: 767px) {#advgb-col-90c8c189-f3b0-4b21-acd2-8ae516fb1567>.advgb-column-inner{}}#advgb-cols-df141ac5-4d80-4923-8e30-400f78e81c2b{}@media screen and (max-width: 1023px) {#advgb-cols-df141ac5-4d80-4923-8e30-400f78e81c2b{}}@media screen and (max-width: 767px) {#advgb-cols-df141ac5-4d80-4923-8e30-400f78e81c2b{}}#advgb-col-b72f16f3-ee97-4dcd-9742-537ec8b7ee30>.advgb-column-inner{}@media screen and (max-width: 1023px) {#advgb-col-b72f16f3-ee97-4dcd-9742-537ec8b7ee30>.advgb-column-inner{}}@media screen and (max-width: 767px) {#advgb-col-b72f16f3-ee97-4dcd-9742-537ec8b7ee30>.advgb-column-inner{}}#advgb-col-14a27317-32c1-40c8-9de4-d8cc483b3b68>.advgb-column-inner{}@media screen and (max-width: 1023px) {#advgb-col-14a27317-32c1-40c8-9de4-d8cc483b3b68>.advgb-column-inner{}}@media screen and (max-width: 767px) {#advgb-col-14a27317-32c1-40c8-9de4-d8cc483b3b68>.advgb-column-inner{}}#advgb-cols-b78aa039-41f5-4b9d-8478-4ab6410541b1{}@media screen and (max-width: 1023px) {#advgb-cols-b78aa039-41f5-4b9d-8478-4ab6410541b1{}}@media screen and (max-width: 767px) {#advgb-cols-b78aa039-41f5-4b9d-8478-4ab6410541b1{}}#advgb-col-1a13b60f-cecd-4374-9adc-992a49ec130e>.advgb-column-inner{}@media screen and (max-width: 1023px) {#advgb-col-1a13b60f-cecd-4374-9adc-992a49ec130e>.advgb-column-inner{}}@media screen and (max-width: 767px) {#advgb-col-1a13b60f-cecd-4374-9adc-992a49ec130e>.advgb-column-inner{}}#advgb-cols-5b28ef30-67e3-4fd8-bf72-c1bc49825a74{}@media screen and (max-width: 1023px) {#advgb-cols-5b28ef30-67e3-4fd8-bf72-c1bc49825a74{}}@media screen and (max-width: 767px) {#advgb-cols-5b28ef30-67e3-4fd8-bf72-c1bc49825a74{}}#advgb-col-348ab79d-5c67-41e5-b649-6d634297be1a>.advgb-column-inner{}@media screen and (max-width: 1023px) {#advgb-col-348ab79d-5c67-41e5-b649-6d634297be1a>.advgb-column-inner{}}@media screen and (max-width: 767px) {#advgb-col-348ab79d-5c67-41e5-b649-6d634297be1a>.advgb-column-inner{}}#advgb-col-90c8c189-f3b0-4b21-acd2-8ae516fb1567>.advgb-column-inner{}@media screen and (max-width: 1023px) {#advgb-col-90c8c189-f3b0-4b21-acd2-8ae516fb1567>.advgb-column-inner{}}@media screen and (max-width: 767px) {#advgb-col-90c8c189-f3b0-4b21-acd2-8ae516fb1567>.advgb-column-inner{}}#advgb-cols-df141ac5-4d80-4923-8e30-400f78e81c2b{}@media screen and (max-width: 1023px) {#advgb-cols-df141ac5-4d80-4923-8e30-400f78e81c2b{}}@media screen and (max-width: 767px) {#advgb-cols-df141ac5-4d80-4923-8e30-400f78e81c2b{}}#advgb-col-b72f16f3-ee97-4dcd-9742-537ec8b7ee30>.advgb-column-inner{}@media screen and (max-width: 1023px) {#advgb-col-b72f16f3-ee97-4dcd-9742-537ec8b7ee30>.advgb-column-inner{}}@media screen and (max-width: 767px) {#advgb-col-b72f16f3-ee97-4dcd-9742-537ec8b7ee30>.advgb-column-inner{}}#advgb-col-14a27317-32c1-40c8-9de4-d8cc483b3b68>.advgb-column-inner{}@media screen and (max-width: 1023px) {#advgb-col-14a27317-32c1-40c8-9de4-d8cc483b3b68>.advgb-column-inner{}}@media screen and (max-width: 767px) {#advgb-col-14a27317-32c1-40c8-9de4-d8cc483b3b68>.advgb-column-inner{}}<\/style>","protected":false},"excerpt":{"rendered":"","protected":false},"author":1,"featured_media":0,"parent":0,"menu_order":0,"comment_status":"closed","ping_status":"closed","template":"","meta":{"advgb_blocks_editor_width":"","advgb_blocks_columns_visual_guide":"","footnotes":""},"class_list":["post-13","page","type-page","status-publish","hentry"],"yoast_head":"<!-- This site is optimized with the Yoast SEO plugin v27.3 - https:\/\/yoast.com\/product\/yoast-seo-wordpress\/ -->\n<title>Medicinski turizem - Renee Tours<\/title>\n<meta name=\"description\" content=\"Slovenija sprejema medicinske turiste z vsega sveta in se po svojih najbolj\u0161ih mo\u010deh trudi, da bi postala vrhunska destinacija.\" \/>\n<meta name=\"robots\" content=\"index, follow, max-snippet:-1, max-image-preview:large, max-video-preview:-1\" \/>\n<link rel=\"canonical\" href=\"https:\/\/www.reneetours.si\/sl\/medicinski-turizem\/\" \/>\n<meta property=\"og:locale\" content=\"sl_SI\" \/>\n<meta property=\"og:type\" content=\"article\" \/>\n<meta property=\"og:title\" content=\"Medicinski turizem - Renee Tours\" \/>\n<meta property=\"og:description\" content=\"Slovenija sprejema medicinske turiste z vsega sveta in se po svojih najbolj\u0161ih mo\u010deh trudi, da bi postala vrhunska destinacija.\" \/>\n<meta property=\"og:url\" content=\"https:\/\/www.reneetours.si\/sl\/medicinski-turizem\/\" \/>\n<meta property=\"og:site_name\" content=\"Renee Tours\" \/>\n<meta property=\"article:modified_time\" content=\"2021-10-04T07:58:13+00:00\" \/>\n<meta property=\"og:image\" content=\"https:\/\/www.reneetours.si\/wp-content\/uploads\/2021\/09\/Renee_FOTO_medical-tourism.jpg\" \/>\n<meta name=\"twitter:card\" content=\"summary_large_image\" \/>\n<meta name=\"twitter:label1\" content=\"Est. reading time\" \/>\n\t<meta name=\"twitter:data1\" content=\"3 minute\" \/>\n<script type=\"application\/ld+json\" class=\"yoast-schema-graph\">{\"@context\":\"https:\\\/\\\/schema.org\",\"@graph\":[{\"@type\":\"WebPage\",\"@id\":\"https:\\\/\\\/www.reneetours.si\\\/sl\\\/medicinski-turizem\\\/\",\"url\":\"https:\\\/\\\/www.reneetours.si\\\/sl\\\/medicinski-turizem\\\/\",\"name\":\"Medicinski turizem - Renee Tours\",\"isPartOf\":{\"@id\":\"https:\\\/\\\/www.reneetours.si\\\/sl\\\/#website\"},\"primaryImageOfPage\":{\"@id\":\"https:\\\/\\\/www.reneetours.si\\\/sl\\\/medicinski-turizem\\\/#primaryimage\"},\"image\":{\"@id\":\"https:\\\/\\\/www.reneetours.si\\\/sl\\\/medicinski-turizem\\\/#primaryimage\"},\"thumbnailUrl\":\"https:\\\/\\\/www.reneetours.si\\\/wp-content\\\/uploads\\\/2021\\\/09\\\/Renee_FOTO_medical-tourism.jpg\",\"datePublished\":\"2021-09-22T08:55:08+00:00\",\"dateModified\":\"2021-10-04T07:58:13+00:00\",\"description\":\"Slovenija sprejema medicinske turiste z vsega sveta in se po svojih najbolj\u0161ih mo\u010deh trudi, da bi postala vrhunska destinacija.\",\"breadcrumb\":{\"@id\":\"https:\\\/\\\/www.reneetours.si\\\/sl\\\/medicinski-turizem\\\/#breadcrumb\"},\"inLanguage\":\"sl-SI\",\"potentialAction\":[{\"@type\":\"ReadAction\",\"target\":[\"https:\\\/\\\/www.reneetours.si\\\/sl\\\/medicinski-turizem\\\/\"]}]},{\"@type\":\"ImageObject\",\"inLanguage\":\"sl-SI\",\"@id\":\"https:\\\/\\\/www.reneetours.si\\\/sl\\\/medicinski-turizem\\\/#primaryimage\",\"url\":\"https:\\\/\\\/www.reneetours.si\\\/wp-content\\\/uploads\\\/2021\\\/09\\\/Renee_FOTO_medical-tourism.jpg\",\"contentUrl\":\"https:\\\/\\\/www.reneetours.si\\\/wp-content\\\/uploads\\\/2021\\\/09\\\/Renee_FOTO_medical-tourism.jpg\"},{\"@type\":\"BreadcrumbList\",\"@id\":\"https:\\\/\\\/www.reneetours.si\\\/sl\\\/medicinski-turizem\\\/#breadcrumb\",\"itemListElement\":[{\"@type\":\"ListItem\",\"position\":1,\"name\":\"Home\",\"item\":\"https:\\\/\\\/www.reneetours.si\\\/sl\\\/\"},{\"@type\":\"ListItem\",\"position\":2,\"name\":\"Medicinski turizem\"}]},{\"@type\":\"WebSite\",\"@id\":\"https:\\\/\\\/www.reneetours.si\\\/sl\\\/#website\",\"url\":\"https:\\\/\\\/www.reneetours.si\\\/sl\\\/\",\"name\":\"Renee Tours\",\"description\":\"Incoming and DMC\",\"publisher\":{\"@id\":\"https:\\\/\\\/www.reneetours.si\\\/sl\\\/#organization\"},\"potentialAction\":[{\"@type\":\"SearchAction\",\"target\":{\"@type\":\"EntryPoint\",\"urlTemplate\":\"https:\\\/\\\/www.reneetours.si\\\/sl\\\/?s={search_term_string}\"},\"query-input\":{\"@type\":\"PropertyValueSpecification\",\"valueRequired\":true,\"valueName\":\"search_term_string\"}}],\"inLanguage\":\"sl-SI\"},{\"@type\":\"Organization\",\"@id\":\"https:\\\/\\\/www.reneetours.si\\\/sl\\\/#organization\",\"name\":\"Renee Tours\",\"url\":\"https:\\\/\\\/www.reneetours.si\\\/sl\\\/\",\"logo\":{\"@type\":\"ImageObject\",\"inLanguage\":\"sl-SI\",\"@id\":\"https:\\\/\\\/www.reneetours.si\\\/sl\\\/#\\\/schema\\\/logo\\\/image\\\/\",\"url\":\"https:\\\/\\\/www.reneetours.si\\\/wp-content\\\/uploads\\\/2021\\\/09\\\/cropped-cropped-Agencija-Renee_logotip_NOV-1.png\",\"contentUrl\":\"https:\\\/\\\/www.reneetours.si\\\/wp-content\\\/uploads\\\/2021\\\/09\\\/cropped-cropped-Agencija-Renee_logotip_NOV-1.png\",\"width\":246,\"height\":54,\"caption\":\"Renee Tours\"},\"image\":{\"@id\":\"https:\\\/\\\/www.reneetours.si\\\/sl\\\/#\\\/schema\\\/logo\\\/image\\\/\"}}]}<\/script>\n<!-- \/ Yoast SEO plugin. -->","yoast_head_json":{"title":"Medicinski turizem - Renee Tours","description":"Slovenija sprejema medicinske turiste z vsega sveta in se po svojih najbolj\u0161ih mo\u010deh trudi, da bi postala vrhunska destinacija.","robots":{"index":"index","follow":"follow","max-snippet":"max-snippet:-1","max-image-preview":"max-image-preview:large","max-video-preview":"max-video-preview:-1"},"canonical":"https:\/\/www.reneetours.si\/sl\/medicinski-turizem\/","og_locale":"sl_SI","og_type":"article","og_title":"Medicinski turizem - Renee Tours","og_description":"Slovenija sprejema medicinske turiste z vsega sveta in se po svojih najbolj\u0161ih mo\u010deh trudi, da bi postala vrhunska destinacija.","og_url":"https:\/\/www.reneetours.si\/sl\/medicinski-turizem\/","og_site_name":"Renee Tours","article_modified_time":"2021-10-04T07:58:13+00:00","og_image":[{"url":"https:\/\/www.reneetours.si\/wp-content\/uploads\/2021\/09\/Renee_FOTO_medical-tourism.jpg","type":"","width":"","height":""}],"twitter_card":"summary_large_image","twitter_misc":{"Est. reading time":"3 minute"},"schema":{"@context":"https:\/\/schema.org","@graph":[{"@type":"WebPage","@id":"https:\/\/www.reneetours.si\/sl\/medicinski-turizem\/","url":"https:\/\/www.reneetours.si\/sl\/medicinski-turizem\/","name":"Medicinski turizem - Renee Tours","isPartOf":{"@id":"https:\/\/www.reneetours.si\/sl\/#website"},"primaryImageOfPage":{"@id":"https:\/\/www.reneetours.si\/sl\/medicinski-turizem\/#primaryimage"},"image":{"@id":"https:\/\/www.reneetours.si\/sl\/medicinski-turizem\/#primaryimage"},"thumbnailUrl":"https:\/\/www.reneetours.si\/wp-content\/uploads\/2021\/09\/Renee_FOTO_medical-tourism.jpg","datePublished":"2021-09-22T08:55:08+00:00","dateModified":"2021-10-04T07:58:13+00:00","description":"Slovenija sprejema medicinske turiste z vsega sveta in se po svojih najbolj\u0161ih mo\u010deh trudi, da bi postala vrhunska destinacija.","breadcrumb":{"@id":"https:\/\/www.reneetours.si\/sl\/medicinski-turizem\/#breadcrumb"},"inLanguage":"sl-SI","potentialAction":[{"@type":"ReadAction","target":["https:\/\/www.reneetours.si\/sl\/medicinski-turizem\/"]}]},{"@type":"ImageObject","inLanguage":"sl-SI","@id":"https:\/\/www.reneetours.si\/sl\/medicinski-turizem\/#primaryimage","url":"https:\/\/www.reneetours.si\/wp-content\/uploads\/2021\/09\/Renee_FOTO_medical-tourism.jpg","contentUrl":"https:\/\/www.reneetours.si\/wp-content\/uploads\/2021\/09\/Renee_FOTO_medical-tourism.jpg"},{"@type":"BreadcrumbList","@id":"https:\/\/www.reneetours.si\/sl\/medicinski-turizem\/#breadcrumb","itemListElement":[{"@type":"ListItem","position":1,"name":"Home","item":"https:\/\/www.reneetours.si\/sl\/"},{"@type":"ListItem","position":2,"name":"Medicinski turizem"}]},{"@type":"WebSite","@id":"https:\/\/www.reneetours.si\/sl\/#website","url":"https:\/\/www.reneetours.si\/sl\/","name":"Renee Tours","description":"Incoming and DMC","publisher":{"@id":"https:\/\/www.reneetours.si\/sl\/#organization"},"potentialAction":[{"@type":"SearchAction","target":{"@type":"EntryPoint","urlTemplate":"https:\/\/www.reneetours.si\/sl\/?s={search_term_string}"},"query-input":{"@type":"PropertyValueSpecification","valueRequired":true,"valueName":"search_term_string"}}],"inLanguage":"sl-SI"},{"@type":"Organization","@id":"https:\/\/www.reneetours.si\/sl\/#organization","name":"Renee Tours","url":"https:\/\/www.reneetours.si\/sl\/","logo":{"@type":"ImageObject","inLanguage":"sl-SI","@id":"https:\/\/www.reneetours.si\/sl\/#\/schema\/logo\/image\/","url":"https:\/\/www.reneetours.si\/wp-content\/uploads\/2021\/09\/cropped-cropped-Agencija-Renee_logotip_NOV-1.png","contentUrl":"https:\/\/www.reneetours.si\/wp-content\/uploads\/2021\/09\/cropped-cropped-Agencija-Renee_logotip_NOV-1.png","width":246,"height":54,"caption":"Renee Tours"},"image":{"@id":"https:\/\/www.reneetours.si\/sl\/#\/schema\/logo\/image\/"}}]}},"coauthors":[],"author_meta":{"author_link":"https:\/\/www.reneetours.si\/sl\/author\/w3bstudio\/","display_name":"W3bStudio"},"relative_dates":{"created":"Posted 5 let ago","modified":"Updated 5 let ago"},"absolute_dates":{"created":"Posted on 22 septembra, 2021","modified":"Updated on 4 oktobra, 2021"},"absolute_dates_time":{"created":"Posted on 22 septembra, 2021 8:55 dop","modified":"Updated on 4 oktobra, 2021 7:58 dop"},"featured_img_caption":"","featured_img":false,"series_order":"","_links":{"self":[{"href":"https:\/\/www.reneetours.si\/sl\/wp-json\/wp\/v2\/pages\/13","targetHints":{"allow":["GET"]}}],"collection":[{"href":"https:\/\/www.reneetours.si\/sl\/wp-json\/wp\/v2\/pages"}],"about":[{"href":"https:\/\/www.reneetours.si\/sl\/wp-json\/wp\/v2\/types\/page"}],"author":[{"embeddable":true,"href":"https:\/\/www.reneetours.si\/sl\/wp-json\/wp\/v2\/users\/1"}],"replies":[{"embeddable":true,"href":"https:\/\/www.reneetours.si\/sl\/wp-json\/wp\/v2\/comments?post=13"}],"version-history":[{"count":1,"href":"https:\/\/www.reneetours.si\/sl\/wp-json\/wp\/v2\/pages\/13\/revisions"}],"predecessor-version":[{"id":725,"href":"https:\/\/www.reneetours.si\/sl\/wp-json\/wp\/v2\/pages\/13\/revisions\/725"}],"wp:attachment":[{"href":"https:\/\/www.reneetours.si\/sl\/wp-json\/wp\/v2\/media?parent=13"}],"curies":[{"name":"wp","href":"https:\/\/api.w.org\/{rel}","templated":true}]}}