{"id":21,"date":"2021-09-22T08:56:01","date_gmt":"2021-09-22T08:56:01","guid":{"rendered":"https:\/\/www.reneetours.si\/?page_id=21"},"modified":"2021-10-04T07:40:56","modified_gmt":"2021-10-04T07:40:56","slug":"b2b","status":"publish","type":"page","link":"https:\/\/www.reneetours.si\/sl\/b2b\/","title":{"rendered":"B2B"},"content":{"rendered":"\n<div class=\"wp-block-advgb-columns advgb-columns-wrapper container services\" id=\"advgb-cols-904ca580-0388-4a74-a87e-b92a8e3d218f\"><div class=\"advgb-columns-container\"><div class=\"advgb-columns advgb-columns-row advgb-is-mobile advgb-columns-1 layout-100 mbl-layout-stacked vgutter-10\">\n<div class=\"wp-block-advgb-column advgb-column advgb-is-full-mobile\" id=\"advgb-col-a7966155-0889-40a0-bbf8-f224dc0de3cd\"><div class=\"advgb-column-inner\" style=\"border-style:none;border-width:1px\">\n<div class=\"wp-block-advgb-columns advgb-columns-wrapper\" id=\"advgb-cols-ebaf94c6-84f9-4c9c-a3d8-307225d131ed\"><div class=\"advgb-columns-container\"><div class=\"advgb-columns advgb-columns-row advgb-is-mobile advgb-columns-2 layout-12-12 mbl-layout-stacked gutter-40 vgutter-10\">\n<div class=\"wp-block-advgb-column advgb-column advgb-is-half-tablet advgb-is-full-mobile\" id=\"advgb-col-393ba9ac-9db2-487d-801d-c068a2e2d6b2\"><div class=\"advgb-column-inner\" style=\"border-style:none;border-width:1px\">\n<p>Na\u0161 spletni rezervacijski sistem &#8211; REAL OBS vam zagotavlja dostop do vseh na\u0161ih storitev: hoteli, transferji, izleti in ogledi.<\/p>\n\n\n\n<p>Prosimo, pi\u0161ite nam na&nbsp;<a href=\"mailto:info@renee.si\">info@renee.si<\/a>&nbsp;ali&nbsp;<a href=\"mailto:info@slovenia-dmc.si\">info@slovenia-dmc.si<\/a>, da si zagotovite dostop do na\u0161ega&nbsp;<a href=\"http:\/\/www.realobs.com\/\">spletnega sistema rezervacij.<\/a><\/p>\n<\/div><\/div>\n\n\n\n<div class=\"wp-block-advgb-column advgb-column advgb-is-half-tablet advgb-is-full-mobile\" id=\"advgb-col-c5cdee30-1795-47ba-8841-d5131c251f82\"><div class=\"advgb-column-inner\" style=\"border-style:none;border-width:1px\">\n<figure class=\"wp-block-image size-full logo\"><a href=\"http:\/\/www.realobs.com\/\" target=\"_blank\" rel=\"noopener\"><img loading=\"lazy\" decoding=\"async\" width=\"338\" height=\"81\" src=\"https:\/\/www.reneetours.si\/wp-content\/uploads\/2021\/09\/Logotip_realobs_b2b.jpg\" alt=\"\" class=\"wp-image-301\" srcset=\"https:\/\/www.reneetours.si\/wp-content\/uploads\/2021\/09\/Logotip_realobs_b2b.jpg 338w, https:\/\/www.reneetours.si\/wp-content\/uploads\/2021\/09\/Logotip_realobs_b2b-300x72.jpg 300w\" sizes=\"auto, (max-width: 338px) 100vw, 338px\" \/><\/a><\/figure>\n\n\n\n<p><\/p>\n<\/div><\/div>\n<\/div><\/div><\/div>\n<\/div><\/div>\n<\/div><\/div><\/div>\n<style class=\"advgb-styles-renderer\">#advgb-col-393ba9ac-9db2-487d-801d-c068a2e2d6b2>.advgb-column-inner{}@media screen and (max-width: 1023px) {#advgb-col-393ba9ac-9db2-487d-801d-c068a2e2d6b2>.advgb-column-inner{}}@media screen and (max-width: 767px) {#advgb-col-393ba9ac-9db2-487d-801d-c068a2e2d6b2>.advgb-column-inner{}}#advgb-col-c5cdee30-1795-47ba-8841-d5131c251f82>.advgb-column-inner{}@media screen and (max-width: 1023px) {#advgb-col-c5cdee30-1795-47ba-8841-d5131c251f82>.advgb-column-inner{}}@media screen and (max-width: 767px) {#advgb-col-c5cdee30-1795-47ba-8841-d5131c251f82>.advgb-column-inner{}}#advgb-cols-ebaf94c6-84f9-4c9c-a3d8-307225d131ed{}@media screen and (max-width: 1023px) {#advgb-cols-ebaf94c6-84f9-4c9c-a3d8-307225d131ed{}}@media screen and (max-width: 767px) {#advgb-cols-ebaf94c6-84f9-4c9c-a3d8-307225d131ed{}}#advgb-col-393ba9ac-9db2-487d-801d-c068a2e2d6b2>.advgb-column-inner{}@media screen and (max-width: 1023px) {#advgb-col-393ba9ac-9db2-487d-801d-c068a2e2d6b2>.advgb-column-inner{}}@media screen and (max-width: 767px) {#advgb-col-393ba9ac-9db2-487d-801d-c068a2e2d6b2>.advgb-column-inner{}}#advgb-col-c5cdee30-1795-47ba-8841-d5131c251f82>.advgb-column-inner{}@media screen and (max-width: 1023px) {#advgb-col-c5cdee30-1795-47ba-8841-d5131c251f82>.advgb-column-inner{}}@media screen and (max-width: 767px) {#advgb-col-c5cdee30-1795-47ba-8841-d5131c251f82>.advgb-column-inner{}}#advgb-col-a7966155-0889-40a0-bbf8-f224dc0de3cd>.advgb-column-inner{}@media screen and (max-width: 1023px) {#advgb-col-a7966155-0889-40a0-bbf8-f224dc0de3cd>.advgb-column-inner{}}@media screen and (max-width: 767px) {#advgb-col-a7966155-0889-40a0-bbf8-f224dc0de3cd>.advgb-column-inner{}}#advgb-cols-ebaf94c6-84f9-4c9c-a3d8-307225d131ed{}@media screen and (max-width: 1023px) {#advgb-cols-ebaf94c6-84f9-4c9c-a3d8-307225d131ed{}}@media screen and (max-width: 767px) {#advgb-cols-ebaf94c6-84f9-4c9c-a3d8-307225d131ed{}}#advgb-col-393ba9ac-9db2-487d-801d-c068a2e2d6b2>.advgb-column-inner{}@media screen and (max-width: 1023px) {#advgb-col-393ba9ac-9db2-487d-801d-c068a2e2d6b2>.advgb-column-inner{}}@media screen and (max-width: 767px) {#advgb-col-393ba9ac-9db2-487d-801d-c068a2e2d6b2>.advgb-column-inner{}}#advgb-col-c5cdee30-1795-47ba-8841-d5131c251f82>.advgb-column-inner{}@media screen and (max-width: 1023px) {#advgb-col-c5cdee30-1795-47ba-8841-d5131c251f82>.advgb-column-inner{}}@media screen and (max-width: 767px) {#advgb-col-c5cdee30-1795-47ba-8841-d5131c251f82>.advgb-column-inner{}}#advgb-cols-904ca580-0388-4a74-a87e-b92a8e3d218f{}@media screen and (max-width: 1023px) {#advgb-cols-904ca580-0388-4a74-a87e-b92a8e3d218f{}}@media screen and (max-width: 767px) {#advgb-cols-904ca580-0388-4a74-a87e-b92a8e3d218f{}}#advgb-col-a7966155-0889-40a0-bbf8-f224dc0de3cd>.advgb-column-inner{}@media screen and (max-width: 1023px) {#advgb-col-a7966155-0889-40a0-bbf8-f224dc0de3cd>.advgb-column-inner{}}@media screen and (max-width: 767px) {#advgb-col-a7966155-0889-40a0-bbf8-f224dc0de3cd>.advgb-column-inner{}}#advgb-cols-ebaf94c6-84f9-4c9c-a3d8-307225d131ed{}@media screen and (max-width: 1023px) {#advgb-cols-ebaf94c6-84f9-4c9c-a3d8-307225d131ed{}}@media screen and (max-width: 767px) {#advgb-cols-ebaf94c6-84f9-4c9c-a3d8-307225d131ed{}}#advgb-col-393ba9ac-9db2-487d-801d-c068a2e2d6b2>.advgb-column-inner{}@media screen and (max-width: 1023px) {#advgb-col-393ba9ac-9db2-487d-801d-c068a2e2d6b2>.advgb-column-inner{}}@media screen and (max-width: 767px) {#advgb-col-393ba9ac-9db2-487d-801d-c068a2e2d6b2>.advgb-column-inner{}}#advgb-col-c5cdee30-1795-47ba-8841-d5131c251f82>.advgb-column-inner{}@media screen and (max-width: 1023px) {#advgb-col-c5cdee30-1795-47ba-8841-d5131c251f82>.advgb-column-inner{}}@media screen and (max-width: 767px) {#advgb-col-c5cdee30-1795-47ba-8841-d5131c251f82>.advgb-column-inner{}}<\/style>","protected":false},"excerpt":{"rendered":"","protected":false},"author":1,"featured_media":0,"parent":0,"menu_order":0,"comment_status":"closed","ping_status":"closed","template":"","meta":{"advgb_blocks_editor_width":"","advgb_blocks_columns_visual_guide":"","footnotes":""},"class_list":["post-21","page","type-page","status-publish","hentry"],"yoast_head":"<!-- This site is optimized with the Yoast SEO plugin v27.3 - https:\/\/yoast.com\/product\/yoast-seo-wordpress\/ -->\n<title>B2B - Renee Tours<\/title>\n<meta name=\"description\" content=\"Na\u0161 spletni sistem rezervacij - REAL OBS vam omogo\u010da dostop do vseh na\u0161ih dohodnih storitev: hotelov, prenosov, izletov in izletov.\" \/>\n<meta name=\"robots\" content=\"index, follow, max-snippet:-1, max-image-preview:large, max-video-preview:-1\" \/>\n<link rel=\"canonical\" href=\"https:\/\/www.reneetours.si\/sl\/b2b\/\" \/>\n<meta property=\"og:locale\" content=\"sl_SI\" \/>\n<meta property=\"og:type\" content=\"article\" \/>\n<meta property=\"og:title\" content=\"B2B - Renee Tours\" \/>\n<meta property=\"og:description\" content=\"Na\u0161 spletni sistem rezervacij - REAL OBS vam omogo\u010da dostop do vseh na\u0161ih dohodnih storitev: hotelov, prenosov, izletov in izletov.\" \/>\n<meta property=\"og:url\" content=\"https:\/\/www.reneetours.si\/sl\/b2b\/\" \/>\n<meta property=\"og:site_name\" content=\"Renee Tours\" \/>\n<meta property=\"article:modified_time\" content=\"2021-10-04T07:40:56+00:00\" \/>\n<meta property=\"og:image\" content=\"https:\/\/www.reneetours.si\/wp-content\/uploads\/2021\/09\/Logotip_realobs_b2b.jpg\" \/>\n<meta name=\"twitter:card\" content=\"summary_large_image\" \/>\n<meta name=\"twitter:label1\" content=\"Est. reading time\" \/>\n\t<meta name=\"twitter:data1\" content=\"1 minuta\" \/>\n<script type=\"application\/ld+json\" class=\"yoast-schema-graph\">{\"@context\":\"https:\\\/\\\/schema.org\",\"@graph\":[{\"@type\":\"WebPage\",\"@id\":\"https:\\\/\\\/www.reneetours.si\\\/sl\\\/b2b\\\/\",\"url\":\"https:\\\/\\\/www.reneetours.si\\\/sl\\\/b2b\\\/\",\"name\":\"B2B - Renee Tours\",\"isPartOf\":{\"@id\":\"https:\\\/\\\/www.reneetours.si\\\/sl\\\/#website\"},\"primaryImageOfPage\":{\"@id\":\"https:\\\/\\\/www.reneetours.si\\\/sl\\\/b2b\\\/#primaryimage\"},\"image\":{\"@id\":\"https:\\\/\\\/www.reneetours.si\\\/sl\\\/b2b\\\/#primaryimage\"},\"thumbnailUrl\":\"https:\\\/\\\/www.reneetours.si\\\/wp-content\\\/uploads\\\/2021\\\/09\\\/Logotip_realobs_b2b.jpg\",\"datePublished\":\"2021-09-22T08:56:01+00:00\",\"dateModified\":\"2021-10-04T07:40:56+00:00\",\"description\":\"Na\u0161 spletni sistem rezervacij - REAL OBS vam omogo\u010da dostop do vseh na\u0161ih dohodnih storitev: hotelov, prenosov, izletov in izletov.\",\"breadcrumb\":{\"@id\":\"https:\\\/\\\/www.reneetours.si\\\/sl\\\/b2b\\\/#breadcrumb\"},\"inLanguage\":\"sl-SI\",\"potentialAction\":[{\"@type\":\"ReadAction\",\"target\":[\"https:\\\/\\\/www.reneetours.si\\\/sl\\\/b2b\\\/\"]}]},{\"@type\":\"ImageObject\",\"inLanguage\":\"sl-SI\",\"@id\":\"https:\\\/\\\/www.reneetours.si\\\/sl\\\/b2b\\\/#primaryimage\",\"url\":\"https:\\\/\\\/www.reneetours.si\\\/wp-content\\\/uploads\\\/2021\\\/09\\\/Logotip_realobs_b2b.jpg\",\"contentUrl\":\"https:\\\/\\\/www.reneetours.si\\\/wp-content\\\/uploads\\\/2021\\\/09\\\/Logotip_realobs_b2b.jpg\"},{\"@type\":\"BreadcrumbList\",\"@id\":\"https:\\\/\\\/www.reneetours.si\\\/sl\\\/b2b\\\/#breadcrumb\",\"itemListElement\":[{\"@type\":\"ListItem\",\"position\":1,\"name\":\"Home\",\"item\":\"https:\\\/\\\/www.reneetours.si\\\/sl\\\/\"},{\"@type\":\"ListItem\",\"position\":2,\"name\":\"B2B\"}]},{\"@type\":\"WebSite\",\"@id\":\"https:\\\/\\\/www.reneetours.si\\\/sl\\\/#website\",\"url\":\"https:\\\/\\\/www.reneetours.si\\\/sl\\\/\",\"name\":\"Renee Tours\",\"description\":\"Incoming and DMC\",\"publisher\":{\"@id\":\"https:\\\/\\\/www.reneetours.si\\\/sl\\\/#organization\"},\"potentialAction\":[{\"@type\":\"SearchAction\",\"target\":{\"@type\":\"EntryPoint\",\"urlTemplate\":\"https:\\\/\\\/www.reneetours.si\\\/sl\\\/?s={search_term_string}\"},\"query-input\":{\"@type\":\"PropertyValueSpecification\",\"valueRequired\":true,\"valueName\":\"search_term_string\"}}],\"inLanguage\":\"sl-SI\"},{\"@type\":\"Organization\",\"@id\":\"https:\\\/\\\/www.reneetours.si\\\/sl\\\/#organization\",\"name\":\"Renee Tours\",\"url\":\"https:\\\/\\\/www.reneetours.si\\\/sl\\\/\",\"logo\":{\"@type\":\"ImageObject\",\"inLanguage\":\"sl-SI\",\"@id\":\"https:\\\/\\\/www.reneetours.si\\\/sl\\\/#\\\/schema\\\/logo\\\/image\\\/\",\"url\":\"https:\\\/\\\/www.reneetours.si\\\/wp-content\\\/uploads\\\/2021\\\/09\\\/cropped-cropped-Agencija-Renee_logotip_NOV-1.png\",\"contentUrl\":\"https:\\\/\\\/www.reneetours.si\\\/wp-content\\\/uploads\\\/2021\\\/09\\\/cropped-cropped-Agencija-Renee_logotip_NOV-1.png\",\"width\":246,\"height\":54,\"caption\":\"Renee Tours\"},\"image\":{\"@id\":\"https:\\\/\\\/www.reneetours.si\\\/sl\\\/#\\\/schema\\\/logo\\\/image\\\/\"}}]}<\/script>\n<!-- \/ Yoast SEO plugin. -->","yoast_head_json":{"title":"B2B - Renee Tours","description":"Na\u0161 spletni sistem rezervacij - REAL OBS vam omogo\u010da dostop do vseh na\u0161ih dohodnih storitev: hotelov, prenosov, izletov in izletov.","robots":{"index":"index","follow":"follow","max-snippet":"max-snippet:-1","max-image-preview":"max-image-preview:large","max-video-preview":"max-video-preview:-1"},"canonical":"https:\/\/www.reneetours.si\/sl\/b2b\/","og_locale":"sl_SI","og_type":"article","og_title":"B2B - Renee Tours","og_description":"Na\u0161 spletni sistem rezervacij - REAL OBS vam omogo\u010da dostop do vseh na\u0161ih dohodnih storitev: hotelov, prenosov, izletov in izletov.","og_url":"https:\/\/www.reneetours.si\/sl\/b2b\/","og_site_name":"Renee Tours","article_modified_time":"2021-10-04T07:40:56+00:00","og_image":[{"url":"https:\/\/www.reneetours.si\/wp-content\/uploads\/2021\/09\/Logotip_realobs_b2b.jpg","type":"","width":"","height":""}],"twitter_card":"summary_large_image","twitter_misc":{"Est. reading time":"1 minuta"},"schema":{"@context":"https:\/\/schema.org","@graph":[{"@type":"WebPage","@id":"https:\/\/www.reneetours.si\/sl\/b2b\/","url":"https:\/\/www.reneetours.si\/sl\/b2b\/","name":"B2B - Renee Tours","isPartOf":{"@id":"https:\/\/www.reneetours.si\/sl\/#website"},"primaryImageOfPage":{"@id":"https:\/\/www.reneetours.si\/sl\/b2b\/#primaryimage"},"image":{"@id":"https:\/\/www.reneetours.si\/sl\/b2b\/#primaryimage"},"thumbnailUrl":"https:\/\/www.reneetours.si\/wp-content\/uploads\/2021\/09\/Logotip_realobs_b2b.jpg","datePublished":"2021-09-22T08:56:01+00:00","dateModified":"2021-10-04T07:40:56+00:00","description":"Na\u0161 spletni sistem rezervacij - REAL OBS vam omogo\u010da dostop do vseh na\u0161ih dohodnih storitev: hotelov, prenosov, izletov in izletov.","breadcrumb":{"@id":"https:\/\/www.reneetours.si\/sl\/b2b\/#breadcrumb"},"inLanguage":"sl-SI","potentialAction":[{"@type":"ReadAction","target":["https:\/\/www.reneetours.si\/sl\/b2b\/"]}]},{"@type":"ImageObject","inLanguage":"sl-SI","@id":"https:\/\/www.reneetours.si\/sl\/b2b\/#primaryimage","url":"https:\/\/www.reneetours.si\/wp-content\/uploads\/2021\/09\/Logotip_realobs_b2b.jpg","contentUrl":"https:\/\/www.reneetours.si\/wp-content\/uploads\/2021\/09\/Logotip_realobs_b2b.jpg"},{"@type":"BreadcrumbList","@id":"https:\/\/www.reneetours.si\/sl\/b2b\/#breadcrumb","itemListElement":[{"@type":"ListItem","position":1,"name":"Home","item":"https:\/\/www.reneetours.si\/sl\/"},{"@type":"ListItem","position":2,"name":"B2B"}]},{"@type":"WebSite","@id":"https:\/\/www.reneetours.si\/sl\/#website","url":"https:\/\/www.reneetours.si\/sl\/","name":"Renee Tours","description":"Incoming and DMC","publisher":{"@id":"https:\/\/www.reneetours.si\/sl\/#organization"},"potentialAction":[{"@type":"SearchAction","target":{"@type":"EntryPoint","urlTemplate":"https:\/\/www.reneetours.si\/sl\/?s={search_term_string}"},"query-input":{"@type":"PropertyValueSpecification","valueRequired":true,"valueName":"search_term_string"}}],"inLanguage":"sl-SI"},{"@type":"Organization","@id":"https:\/\/www.reneetours.si\/sl\/#organization","name":"Renee Tours","url":"https:\/\/www.reneetours.si\/sl\/","logo":{"@type":"ImageObject","inLanguage":"sl-SI","@id":"https:\/\/www.reneetours.si\/sl\/#\/schema\/logo\/image\/","url":"https:\/\/www.reneetours.si\/wp-content\/uploads\/2021\/09\/cropped-cropped-Agencija-Renee_logotip_NOV-1.png","contentUrl":"https:\/\/www.reneetours.si\/wp-content\/uploads\/2021\/09\/cropped-cropped-Agencija-Renee_logotip_NOV-1.png","width":246,"height":54,"caption":"Renee Tours"},"image":{"@id":"https:\/\/www.reneetours.si\/sl\/#\/schema\/logo\/image\/"}}]}},"coauthors":[],"author_meta":{"author_link":"https:\/\/www.reneetours.si\/sl\/author\/w3bstudio\/","display_name":"W3bStudio"},"relative_dates":{"created":"Posted 5 let ago","modified":"Updated 5 let ago"},"absolute_dates":{"created":"Posted on 22 septembra, 2021","modified":"Updated on 4 oktobra, 2021"},"absolute_dates_time":{"created":"Posted on 22 septembra, 2021 8:56 dop","modified":"Updated on 4 oktobra, 2021 7:40 dop"},"featured_img_caption":"","featured_img":false,"series_order":"","_links":{"self":[{"href":"https:\/\/www.reneetours.si\/sl\/wp-json\/wp\/v2\/pages\/21","targetHints":{"allow":["GET"]}}],"collection":[{"href":"https:\/\/www.reneetours.si\/sl\/wp-json\/wp\/v2\/pages"}],"about":[{"href":"https:\/\/www.reneetours.si\/sl\/wp-json\/wp\/v2\/types\/page"}],"author":[{"embeddable":true,"href":"https:\/\/www.reneetours.si\/sl\/wp-json\/wp\/v2\/users\/1"}],"replies":[{"embeddable":true,"href":"https:\/\/www.reneetours.si\/sl\/wp-json\/wp\/v2\/comments?post=21"}],"version-history":[{"count":1,"href":"https:\/\/www.reneetours.si\/sl\/wp-json\/wp\/v2\/pages\/21\/revisions"}],"predecessor-version":[{"id":702,"href":"https:\/\/www.reneetours.si\/sl\/wp-json\/wp\/v2\/pages\/21\/revisions\/702"}],"wp:attachment":[{"href":"https:\/\/www.reneetours.si\/sl\/wp-json\/wp\/v2\/media?parent=21"}],"curies":[{"name":"wp","href":"https:\/\/api.w.org\/{rel}","templated":true}]}}