{"id":218,"date":"2021-09-23T08:39:16","date_gmt":"2021-09-23T08:39:16","guid":{"rendered":"https:\/\/www.reneetours.si\/?page_id=218"},"modified":"2021-10-04T07:52:09","modified_gmt":"2021-10-04T07:52:09","slug":"o-sloveniji","status":"publish","type":"page","link":"https:\/\/www.reneetours.si\/sl\/destinacije\/o-sloveniji\/","title":{"rendered":"O Sloveniji"},"content":{"rendered":"\n<div class=\"wp-block-advgb-columns advgb-columns-wrapper container services\" id=\"advgb-cols-f17b842b-2308-4729-9b11-05ec23dde615\"><div class=\"advgb-columns-container\"><div class=\"advgb-columns advgb-columns-row advgb-is-mobile advgb-columns-2 layout-12-12 mbl-layout-stacked gutter-30 vgutter-10 order-rtl\">\n<div class=\"wp-block-advgb-column advgb-column advgb-is-half-tablet advgb-is-full-mobile\" id=\"advgb-col-767519e1-68b1-45ed-a34f-843a30a30b5d\"><div class=\"advgb-column-inner\" style=\"border-style:none;border-width:1px\">\n<figure class=\"wp-block-image size-full\"><img loading=\"lazy\" decoding=\"async\" width=\"800\" height=\"800\" src=\"https:\/\/www.reneetours.si\/wp-content\/uploads\/2021\/09\/Renee_FOTO_BLOKI_1000x1000px_16-12-2015_i-feel.jpg\" alt=\"\" class=\"wp-image-134\" srcset=\"https:\/\/www.reneetours.si\/wp-content\/uploads\/2021\/09\/Renee_FOTO_BLOKI_1000x1000px_16-12-2015_i-feel.jpg 800w, https:\/\/www.reneetours.si\/wp-content\/uploads\/2021\/09\/Renee_FOTO_BLOKI_1000x1000px_16-12-2015_i-feel-300x300.jpg 300w, https:\/\/www.reneetours.si\/wp-content\/uploads\/2021\/09\/Renee_FOTO_BLOKI_1000x1000px_16-12-2015_i-feel-150x150.jpg 150w, https:\/\/www.reneetours.si\/wp-content\/uploads\/2021\/09\/Renee_FOTO_BLOKI_1000x1000px_16-12-2015_i-feel-768x768.jpg 768w\" sizes=\"auto, (max-width: 800px) 100vw, 800px\" \/><\/figure>\n\n\n\n<p><\/p>\n<\/div><\/div>\n\n\n\n<div class=\"wp-block-advgb-column advgb-column advgb-is-half-tablet advgb-is-full-mobile\" id=\"advgb-col-4181c58f-d55a-4fe7-b212-b25ea430c226\"><div class=\"advgb-column-inner\" style=\"border-style:none;border-width:1px\">\n<h3 class=\"wp-block-heading\">&#8220;I feel Slovenia&#8221;<\/h3>\n\n\n\n<p>Pol manj\u0161a od \u0160vice in s pribli\u017eno dvema milijonoma prebivalcev je Slovenija edina evropska dr\u017eava, ki zdru\u017euje alpski in sredozemski svet, Panonsko ni\u017eino in kra\u0161ki svet. S 60 odstotki povr\u0161ja, pokritega z gozdovi, je ena najbolj zelenih dr\u017eav na svetu in pravi raj za ljubitelje narave, saj ponuja \u010dudovite gore, jezera, podzemne jame in morje. Zaradi svojih termalnih in mineralnih vrelcev, infrastrukture in vrhunskih zdravstvenih storitev je Slovenija mo\u010dno za\u017eelena destinacija zdravstvenega turizma.<\/p>\n\n\n\n<p>Ker meji z Italijo, Avstrijo, Mad\u017earsko in Hrva\u0161ko, so nanjo vplivale in jo skozi stoletja zaznamovale razli\u010dne kulture, od rimskega imperija in Bene\u0161ke republike do avstrijskega cesarstva in Jugoslavije. Vsi ti vplivi se odra\u017eajo v \u010dudovito raznovrstnih arhitekturnih slogih, nare\u010djih in kulinari\u010dnem bogastvu razli\u010dnih slovenskih regij.<\/p>\n\n\n\n<p class=\"opomba\">Slovenija je ena redkih dr\u017eav na svetu, kjer je voda iz pipe \u0161e vedno pitna in varna za zdravje.<\/p>\n<\/div><\/div>\n<\/div><\/div><\/div>\n\n\n\n<div class=\"wp-block-advgb-columns advgb-columns-wrapper\" id=\"advgb-cols-ba8a96bf-63c7-4e83-8542-798d27d58209\"><div class=\"advgb-columns-container\"><div class=\"advgb-columns advgb-columns-row advgb-is-mobile advgb-columns-1 layout-100 mbl-layout-stacked vgutter-10\">\n<div class=\"wp-block-advgb-column advgb-column advgb-is-full-mobile horses2\" id=\"advgb-col-5c1963ca-395c-47ab-9186-5c64d7489f43\"><div class=\"advgb-column-inner\" style=\"border-style:none;border-width:1px\">\n<div class=\"wp-block-advgb-columns advgb-columns-wrapper container services\" id=\"advgb-cols-50d423e7-2f81-4343-a749-e5aa42687971\"><div class=\"advgb-columns-container\"><div class=\"advgb-columns advgb-columns-row advgb-is-mobile advgb-columns-1 layout-100 mbl-layout-stacked vgutter-10\">\n<div class=\"wp-block-advgb-column advgb-column advgb-is-full-mobile\" id=\"advgb-col-5147edc6-34f7-4843-8235-6e34b29dfd69\"><div class=\"advgb-column-inner\" style=\"border-style:none;border-width:1px\">\n<h3 class=\"wp-block-heading\">Osnovne informacije<\/h3>\n\n\n\n<ul class=\"wp-block-list\"><li>Prebivalstvo: 2.055.000<\/li><li>Glavno mesto: Ljubljana, 280.000 prebivalcev<\/li><li>Mednarodne povezave: Slovenija je \u010dlanica Evropske unije od 1. maja 2004 in \u010dlanica Nata od 7. aprila 2004. Prav tako je \u010dlanica \u0161tevilnih drugih mednarodnih organizacij<\/li><li>Podnebje: alpsko, panonsko, sredozemsko<\/li><li>Dol\u017eina obale: 46,6 km<\/li><li>Najvi\u0161ja gora: Triglav, 2.864 m<\/li><\/ul>\n<\/div><\/div>\n<\/div><\/div><\/div>\n<\/div><\/div>\n<\/div><\/div><\/div>\n<style class=\"advgb-styles-renderer\">#advgb-col-767519e1-68b1-45ed-a34f-843a30a30b5d>.advgb-column-inner{}@media screen and (max-width: 1023px) {#advgb-col-767519e1-68b1-45ed-a34f-843a30a30b5d>.advgb-column-inner{}}@media screen and (max-width: 767px) {#advgb-col-767519e1-68b1-45ed-a34f-843a30a30b5d>.advgb-column-inner{}}#advgb-col-4181c58f-d55a-4fe7-b212-b25ea430c226>.advgb-column-inner{}@media screen and (max-width: 1023px) {#advgb-col-4181c58f-d55a-4fe7-b212-b25ea430c226>.advgb-column-inner{}}@media screen and (max-width: 767px) {#advgb-col-4181c58f-d55a-4fe7-b212-b25ea430c226>.advgb-column-inner{}}#advgb-cols-f17b842b-2308-4729-9b11-05ec23dde615{}@media screen and (max-width: 1023px) {#advgb-cols-f17b842b-2308-4729-9b11-05ec23dde615{}}@media screen and (max-width: 767px) {#advgb-cols-f17b842b-2308-4729-9b11-05ec23dde615{}}#advgb-col-767519e1-68b1-45ed-a34f-843a30a30b5d>.advgb-column-inner{}@media screen and (max-width: 1023px) {#advgb-col-767519e1-68b1-45ed-a34f-843a30a30b5d>.advgb-column-inner{}}@media screen and (max-width: 767px) {#advgb-col-767519e1-68b1-45ed-a34f-843a30a30b5d>.advgb-column-inner{}}#advgb-col-4181c58f-d55a-4fe7-b212-b25ea430c226>.advgb-column-inner{}@media screen and (max-width: 1023px) {#advgb-col-4181c58f-d55a-4fe7-b212-b25ea430c226>.advgb-column-inner{}}@media screen and (max-width: 767px) {#advgb-col-4181c58f-d55a-4fe7-b212-b25ea430c226>.advgb-column-inner{}}#advgb-col-5147edc6-34f7-4843-8235-6e34b29dfd69>.advgb-column-inner{}@media screen and (max-width: 1023px) {#advgb-col-5147edc6-34f7-4843-8235-6e34b29dfd69>.advgb-column-inner{}}@media screen and (max-width: 767px) {#advgb-col-5147edc6-34f7-4843-8235-6e34b29dfd69>.advgb-column-inner{}}#advgb-cols-50d423e7-2f81-4343-a749-e5aa42687971{}@media screen and (max-width: 1023px) {#advgb-cols-50d423e7-2f81-4343-a749-e5aa42687971{}}@media screen and (max-width: 767px) {#advgb-cols-50d423e7-2f81-4343-a749-e5aa42687971{}}#advgb-col-5147edc6-34f7-4843-8235-6e34b29dfd69>.advgb-column-inner{}@media screen and (max-width: 1023px) {#advgb-col-5147edc6-34f7-4843-8235-6e34b29dfd69>.advgb-column-inner{}}@media screen and (max-width: 767px) {#advgb-col-5147edc6-34f7-4843-8235-6e34b29dfd69>.advgb-column-inner{}}#advgb-col-5c1963ca-395c-47ab-9186-5c64d7489f43>.advgb-column-inner{}@media screen and (max-width: 1023px) {#advgb-col-5c1963ca-395c-47ab-9186-5c64d7489f43>.advgb-column-inner{}}@media screen and (max-width: 767px) {#advgb-col-5c1963ca-395c-47ab-9186-5c64d7489f43>.advgb-column-inner{}}#advgb-cols-50d423e7-2f81-4343-a749-e5aa42687971{}@media screen and (max-width: 1023px) {#advgb-cols-50d423e7-2f81-4343-a749-e5aa42687971{}}@media screen and (max-width: 767px) {#advgb-cols-50d423e7-2f81-4343-a749-e5aa42687971{}}#advgb-col-5147edc6-34f7-4843-8235-6e34b29dfd69>.advgb-column-inner{}@media screen and (max-width: 1023px) {#advgb-col-5147edc6-34f7-4843-8235-6e34b29dfd69>.advgb-column-inner{}}@media screen and (max-width: 767px) {#advgb-col-5147edc6-34f7-4843-8235-6e34b29dfd69>.advgb-column-inner{}}#advgb-cols-ba8a96bf-63c7-4e83-8542-798d27d58209{}@media screen and (max-width: 1023px) {#advgb-cols-ba8a96bf-63c7-4e83-8542-798d27d58209{}}@media screen and (max-width: 767px) {#advgb-cols-ba8a96bf-63c7-4e83-8542-798d27d58209{}}#advgb-col-5c1963ca-395c-47ab-9186-5c64d7489f43>.advgb-column-inner{}@media screen and (max-width: 1023px) {#advgb-col-5c1963ca-395c-47ab-9186-5c64d7489f43>.advgb-column-inner{}}@media screen and (max-width: 767px) {#advgb-col-5c1963ca-395c-47ab-9186-5c64d7489f43>.advgb-column-inner{}}#advgb-cols-50d423e7-2f81-4343-a749-e5aa42687971{}@media screen and (max-width: 1023px) {#advgb-cols-50d423e7-2f81-4343-a749-e5aa42687971{}}@media screen and (max-width: 767px) {#advgb-cols-50d423e7-2f81-4343-a749-e5aa42687971{}}#advgb-col-5147edc6-34f7-4843-8235-6e34b29dfd69>.advgb-column-inner{}@media screen and (max-width: 1023px) {#advgb-col-5147edc6-34f7-4843-8235-6e34b29dfd69>.advgb-column-inner{}}@media screen and (max-width: 767px) {#advgb-col-5147edc6-34f7-4843-8235-6e34b29dfd69>.advgb-column-inner{}}<\/style>","protected":false},"excerpt":{"rendered":"","protected":false},"author":1,"featured_media":0,"parent":15,"menu_order":0,"comment_status":"closed","ping_status":"closed","template":"","meta":{"advgb_blocks_editor_width":"","advgb_blocks_columns_visual_guide":"","footnotes":""},"class_list":["post-218","page","type-page","status-publish","hentry"],"yoast_head":"<!-- This site is optimized with the Yoast SEO plugin v27.3 - https:\/\/yoast.com\/product\/yoast-seo-wordpress\/ -->\n<title>O Sloveniji - Renee Tours<\/title>\n<meta name=\"description\" content=\"Slovenija je lepa de\u017eela, ki meji na Avstrijo, Italijo, Mad\u017earsko in Hrva\u0161ko. Razi\u0161\u010dite naravo, kulturo, spoznajte ljudi in lokalno hrano.\" \/>\n<meta name=\"robots\" content=\"index, follow, max-snippet:-1, max-image-preview:large, max-video-preview:-1\" \/>\n<link rel=\"canonical\" href=\"https:\/\/www.reneetours.si\/sl\/destinacije\/o-sloveniji\/\" \/>\n<meta property=\"og:locale\" content=\"sl_SI\" \/>\n<meta property=\"og:type\" content=\"article\" \/>\n<meta property=\"og:title\" content=\"O Sloveniji - Renee Tours\" \/>\n<meta property=\"og:description\" content=\"Slovenija je lepa de\u017eela, ki meji na Avstrijo, Italijo, Mad\u017earsko in Hrva\u0161ko. Razi\u0161\u010dite naravo, kulturo, spoznajte ljudi in lokalno hrano.\" \/>\n<meta property=\"og:url\" content=\"https:\/\/www.reneetours.si\/sl\/destinacije\/o-sloveniji\/\" \/>\n<meta property=\"og:site_name\" content=\"Renee Tours\" \/>\n<meta property=\"article:modified_time\" content=\"2021-10-04T07:52:09+00:00\" \/>\n<meta property=\"og:image\" content=\"https:\/\/www.reneetours.si\/wp-content\/uploads\/2021\/09\/Renee_FOTO_BLOKI_1000x1000px_16-12-2015_i-feel.jpg\" \/>\n<meta name=\"twitter:card\" content=\"summary_large_image\" \/>\n<meta name=\"twitter:label1\" content=\"Est. reading time\" \/>\n\t<meta name=\"twitter:data1\" content=\"2 minuti\" \/>\n<script type=\"application\/ld+json\" class=\"yoast-schema-graph\">{\"@context\":\"https:\\\/\\\/schema.org\",\"@graph\":[{\"@type\":\"WebPage\",\"@id\":\"https:\\\/\\\/www.reneetours.si\\\/sl\\\/destinacije\\\/o-sloveniji\\\/\",\"url\":\"https:\\\/\\\/www.reneetours.si\\\/sl\\\/destinacije\\\/o-sloveniji\\\/\",\"name\":\"O Sloveniji - Renee Tours\",\"isPartOf\":{\"@id\":\"https:\\\/\\\/www.reneetours.si\\\/sl\\\/#website\"},\"primaryImageOfPage\":{\"@id\":\"https:\\\/\\\/www.reneetours.si\\\/sl\\\/destinacije\\\/o-sloveniji\\\/#primaryimage\"},\"image\":{\"@id\":\"https:\\\/\\\/www.reneetours.si\\\/sl\\\/destinacije\\\/o-sloveniji\\\/#primaryimage\"},\"thumbnailUrl\":\"https:\\\/\\\/www.reneetours.si\\\/wp-content\\\/uploads\\\/2021\\\/09\\\/Renee_FOTO_BLOKI_1000x1000px_16-12-2015_i-feel.jpg\",\"datePublished\":\"2021-09-23T08:39:16+00:00\",\"dateModified\":\"2021-10-04T07:52:09+00:00\",\"description\":\"Slovenija je lepa de\u017eela, ki meji na Avstrijo, Italijo, Mad\u017earsko in Hrva\u0161ko. Razi\u0161\u010dite naravo, kulturo, spoznajte ljudi in lokalno hrano.\",\"breadcrumb\":{\"@id\":\"https:\\\/\\\/www.reneetours.si\\\/sl\\\/destinacije\\\/o-sloveniji\\\/#breadcrumb\"},\"inLanguage\":\"sl-SI\",\"potentialAction\":[{\"@type\":\"ReadAction\",\"target\":[\"https:\\\/\\\/www.reneetours.si\\\/sl\\\/destinacije\\\/o-sloveniji\\\/\"]}]},{\"@type\":\"ImageObject\",\"inLanguage\":\"sl-SI\",\"@id\":\"https:\\\/\\\/www.reneetours.si\\\/sl\\\/destinacije\\\/o-sloveniji\\\/#primaryimage\",\"url\":\"https:\\\/\\\/www.reneetours.si\\\/wp-content\\\/uploads\\\/2021\\\/09\\\/Renee_FOTO_BLOKI_1000x1000px_16-12-2015_i-feel.jpg\",\"contentUrl\":\"https:\\\/\\\/www.reneetours.si\\\/wp-content\\\/uploads\\\/2021\\\/09\\\/Renee_FOTO_BLOKI_1000x1000px_16-12-2015_i-feel.jpg\"},{\"@type\":\"BreadcrumbList\",\"@id\":\"https:\\\/\\\/www.reneetours.si\\\/sl\\\/destinacije\\\/o-sloveniji\\\/#breadcrumb\",\"itemListElement\":[{\"@type\":\"ListItem\",\"position\":1,\"name\":\"Home\",\"item\":\"https:\\\/\\\/www.reneetours.si\\\/sl\\\/\"},{\"@type\":\"ListItem\",\"position\":2,\"name\":\"Destinacije\",\"item\":\"https:\\\/\\\/www.reneetours.si\\\/sl\\\/destinacije\\\/\"},{\"@type\":\"ListItem\",\"position\":3,\"name\":\"O Sloveniji\"}]},{\"@type\":\"WebSite\",\"@id\":\"https:\\\/\\\/www.reneetours.si\\\/sl\\\/#website\",\"url\":\"https:\\\/\\\/www.reneetours.si\\\/sl\\\/\",\"name\":\"Renee Tours\",\"description\":\"Incoming and DMC\",\"publisher\":{\"@id\":\"https:\\\/\\\/www.reneetours.si\\\/sl\\\/#organization\"},\"potentialAction\":[{\"@type\":\"SearchAction\",\"target\":{\"@type\":\"EntryPoint\",\"urlTemplate\":\"https:\\\/\\\/www.reneetours.si\\\/sl\\\/?s={search_term_string}\"},\"query-input\":{\"@type\":\"PropertyValueSpecification\",\"valueRequired\":true,\"valueName\":\"search_term_string\"}}],\"inLanguage\":\"sl-SI\"},{\"@type\":\"Organization\",\"@id\":\"https:\\\/\\\/www.reneetours.si\\\/sl\\\/#organization\",\"name\":\"Renee Tours\",\"url\":\"https:\\\/\\\/www.reneetours.si\\\/sl\\\/\",\"logo\":{\"@type\":\"ImageObject\",\"inLanguage\":\"sl-SI\",\"@id\":\"https:\\\/\\\/www.reneetours.si\\\/sl\\\/#\\\/schema\\\/logo\\\/image\\\/\",\"url\":\"https:\\\/\\\/www.reneetours.si\\\/wp-content\\\/uploads\\\/2021\\\/09\\\/cropped-cropped-Agencija-Renee_logotip_NOV-1.png\",\"contentUrl\":\"https:\\\/\\\/www.reneetours.si\\\/wp-content\\\/uploads\\\/2021\\\/09\\\/cropped-cropped-Agencija-Renee_logotip_NOV-1.png\",\"width\":246,\"height\":54,\"caption\":\"Renee Tours\"},\"image\":{\"@id\":\"https:\\\/\\\/www.reneetours.si\\\/sl\\\/#\\\/schema\\\/logo\\\/image\\\/\"}}]}<\/script>\n<!-- \/ Yoast SEO plugin. -->","yoast_head_json":{"title":"O Sloveniji - Renee Tours","description":"Slovenija je lepa de\u017eela, ki meji na Avstrijo, Italijo, Mad\u017earsko in Hrva\u0161ko. Razi\u0161\u010dite naravo, kulturo, spoznajte ljudi in lokalno hrano.","robots":{"index":"index","follow":"follow","max-snippet":"max-snippet:-1","max-image-preview":"max-image-preview:large","max-video-preview":"max-video-preview:-1"},"canonical":"https:\/\/www.reneetours.si\/sl\/destinacije\/o-sloveniji\/","og_locale":"sl_SI","og_type":"article","og_title":"O Sloveniji - Renee Tours","og_description":"Slovenija je lepa de\u017eela, ki meji na Avstrijo, Italijo, Mad\u017earsko in Hrva\u0161ko. Razi\u0161\u010dite naravo, kulturo, spoznajte ljudi in lokalno hrano.","og_url":"https:\/\/www.reneetours.si\/sl\/destinacije\/o-sloveniji\/","og_site_name":"Renee Tours","article_modified_time":"2021-10-04T07:52:09+00:00","og_image":[{"url":"https:\/\/www.reneetours.si\/wp-content\/uploads\/2021\/09\/Renee_FOTO_BLOKI_1000x1000px_16-12-2015_i-feel.jpg","type":"","width":"","height":""}],"twitter_card":"summary_large_image","twitter_misc":{"Est. reading time":"2 minuti"},"schema":{"@context":"https:\/\/schema.org","@graph":[{"@type":"WebPage","@id":"https:\/\/www.reneetours.si\/sl\/destinacije\/o-sloveniji\/","url":"https:\/\/www.reneetours.si\/sl\/destinacije\/o-sloveniji\/","name":"O Sloveniji - Renee Tours","isPartOf":{"@id":"https:\/\/www.reneetours.si\/sl\/#website"},"primaryImageOfPage":{"@id":"https:\/\/www.reneetours.si\/sl\/destinacije\/o-sloveniji\/#primaryimage"},"image":{"@id":"https:\/\/www.reneetours.si\/sl\/destinacije\/o-sloveniji\/#primaryimage"},"thumbnailUrl":"https:\/\/www.reneetours.si\/wp-content\/uploads\/2021\/09\/Renee_FOTO_BLOKI_1000x1000px_16-12-2015_i-feel.jpg","datePublished":"2021-09-23T08:39:16+00:00","dateModified":"2021-10-04T07:52:09+00:00","description":"Slovenija je lepa de\u017eela, ki meji na Avstrijo, Italijo, Mad\u017earsko in Hrva\u0161ko. Razi\u0161\u010dite naravo, kulturo, spoznajte ljudi in lokalno hrano.","breadcrumb":{"@id":"https:\/\/www.reneetours.si\/sl\/destinacije\/o-sloveniji\/#breadcrumb"},"inLanguage":"sl-SI","potentialAction":[{"@type":"ReadAction","target":["https:\/\/www.reneetours.si\/sl\/destinacije\/o-sloveniji\/"]}]},{"@type":"ImageObject","inLanguage":"sl-SI","@id":"https:\/\/www.reneetours.si\/sl\/destinacije\/o-sloveniji\/#primaryimage","url":"https:\/\/www.reneetours.si\/wp-content\/uploads\/2021\/09\/Renee_FOTO_BLOKI_1000x1000px_16-12-2015_i-feel.jpg","contentUrl":"https:\/\/www.reneetours.si\/wp-content\/uploads\/2021\/09\/Renee_FOTO_BLOKI_1000x1000px_16-12-2015_i-feel.jpg"},{"@type":"BreadcrumbList","@id":"https:\/\/www.reneetours.si\/sl\/destinacije\/o-sloveniji\/#breadcrumb","itemListElement":[{"@type":"ListItem","position":1,"name":"Home","item":"https:\/\/www.reneetours.si\/sl\/"},{"@type":"ListItem","position":2,"name":"Destinacije","item":"https:\/\/www.reneetours.si\/sl\/destinacije\/"},{"@type":"ListItem","position":3,"name":"O Sloveniji"}]},{"@type":"WebSite","@id":"https:\/\/www.reneetours.si\/sl\/#website","url":"https:\/\/www.reneetours.si\/sl\/","name":"Renee Tours","description":"Incoming and DMC","publisher":{"@id":"https:\/\/www.reneetours.si\/sl\/#organization"},"potentialAction":[{"@type":"SearchAction","target":{"@type":"EntryPoint","urlTemplate":"https:\/\/www.reneetours.si\/sl\/?s={search_term_string}"},"query-input":{"@type":"PropertyValueSpecification","valueRequired":true,"valueName":"search_term_string"}}],"inLanguage":"sl-SI"},{"@type":"Organization","@id":"https:\/\/www.reneetours.si\/sl\/#organization","name":"Renee Tours","url":"https:\/\/www.reneetours.si\/sl\/","logo":{"@type":"ImageObject","inLanguage":"sl-SI","@id":"https:\/\/www.reneetours.si\/sl\/#\/schema\/logo\/image\/","url":"https:\/\/www.reneetours.si\/wp-content\/uploads\/2021\/09\/cropped-cropped-Agencija-Renee_logotip_NOV-1.png","contentUrl":"https:\/\/www.reneetours.si\/wp-content\/uploads\/2021\/09\/cropped-cropped-Agencija-Renee_logotip_NOV-1.png","width":246,"height":54,"caption":"Renee Tours"},"image":{"@id":"https:\/\/www.reneetours.si\/sl\/#\/schema\/logo\/image\/"}}]}},"coauthors":[],"author_meta":{"author_link":"https:\/\/www.reneetours.si\/sl\/author\/w3bstudio\/","display_name":"W3bStudio"},"relative_dates":{"created":"Posted 5 let ago","modified":"Updated 5 let ago"},"absolute_dates":{"created":"Posted on 23 septembra, 2021","modified":"Updated on 4 oktobra, 2021"},"absolute_dates_time":{"created":"Posted on 23 septembra, 2021 8:39 dop","modified":"Updated on 4 oktobra, 2021 7:52 dop"},"featured_img_caption":"","featured_img":false,"series_order":"","_links":{"self":[{"href":"https:\/\/www.reneetours.si\/sl\/wp-json\/wp\/v2\/pages\/218","targetHints":{"allow":["GET"]}}],"collection":[{"href":"https:\/\/www.reneetours.si\/sl\/wp-json\/wp\/v2\/pages"}],"about":[{"href":"https:\/\/www.reneetours.si\/sl\/wp-json\/wp\/v2\/types\/page"}],"author":[{"embeddable":true,"href":"https:\/\/www.reneetours.si\/sl\/wp-json\/wp\/v2\/users\/1"}],"replies":[{"embeddable":true,"href":"https:\/\/www.reneetours.si\/sl\/wp-json\/wp\/v2\/comments?post=218"}],"version-history":[{"count":1,"href":"https:\/\/www.reneetours.si\/sl\/wp-json\/wp\/v2\/pages\/218\/revisions"}],"predecessor-version":[{"id":718,"href":"https:\/\/www.reneetours.si\/sl\/wp-json\/wp\/v2\/pages\/218\/revisions\/718"}],"up":[{"embeddable":true,"href":"https:\/\/www.reneetours.si\/sl\/wp-json\/wp\/v2\/pages\/15"}],"wp:attachment":[{"href":"https:\/\/www.reneetours.si\/sl\/wp-json\/wp\/v2\/media?parent=218"}],"curies":[{"name":"wp","href":"https:\/\/api.w.org\/{rel}","templated":true}]}}